{"id":6,"date":"2016-01-30T22:19:49","date_gmt":"2016-01-30T22:19:49","guid":{"rendered":"http:\/\/kikienvadrouilleblog.wordpress.com\/?page_id=1"},"modified":"2020-07-15T19:53:12","modified_gmt":"2020-07-15T19:53:12","slug":"about","status":"publish","type":"page","link":"https:\/\/kikienvadrouille.com\/?page_id=6","title":{"rendered":"Kiki qui ?"},"content":{"rendered":"\t\t<div data-elementor-type=\"wp-page\" data-elementor-id=\"6\" class=\"elementor elementor-6\">\n\t\t\t\t\t\t<section class=\"elementor-section elementor-top-section elementor-element elementor-element-3e38f991 elementor-section-boxed elementor-section-height-default elementor-section-height-default\" data-id=\"3e38f991\" data-element_type=\"section\" data-e-type=\"section\">\n\t\t\t\t\t\t<div class=\"elementor-container elementor-column-gap-default\">\n\t\t\t\t\t<div class=\"elementor-column elementor-col-100 elementor-top-column elementor-element elementor-element-4cba8d50\" data-id=\"4cba8d50\" data-element_type=\"column\" data-e-type=\"column\">\n\t\t\t<div class=\"elementor-widget-wrap elementor-element-populated\">\n\t\t\t\t\t\t<div class=\"elementor-element elementor-element-415c7818 elementor-drop-cap-yes elementor-drop-cap-view-default elementor-widget elementor-widget-text-editor\" data-id=\"415c7818\" data-element_type=\"widget\" data-e-type=\"widget\" data-settings=\"{&quot;drop_cap&quot;:&quot;yes&quot;}\" data-widget_type=\"text-editor.default\">\n\t\t\t\t<div class=\"elementor-widget-container\">\n\t\t\t\t\t\t\t\t\t<p style=\"text-align: justify;\"><span style=\"color: #000000;\">&nbsp; &nbsp; &nbsp; Christelle de mon vrai pr\u00e9nom,<strong> je suis passionn\u00e9e de nature et de voyage depuis toute petite<\/strong> <strong>!<\/strong> Apr\u00e8s deux s\u00e9jours en Polyn\u00e9sie fran\u00e7aise \u00e0 7-8 ans, le go\u00fbt de l\u2019&nbsp;\u00ab Ailleurs&nbsp;\u00bb ne m\u2019a plus quitt\u00e9e. Plusieurs ann\u00e9es apr\u00e8s, et mon souhait de m\u2019investir dans la pr\u00e9servation de la biodiversit\u00e9 assouvi \u00e0 travers mon parcours professionnel, <strong>je reprends peu \u00e0 peu les rennes de mes r\u00eaves d\u2019enfance en partant \u00e0 la d\u00e9couverte du Monde et de ses habitants.<\/strong><\/span><\/p>\n<p style=\"text-align: justify;\"><span style=\"color: #000000;\">Inspir\u00e9e par de nombreux voyageurs qui m\u2019ont convaincue de sauter le pas, je vous fais ici partager mes aventures grandissantes et esp\u00e8re&nbsp;<span style=\"font-weight: bold;\">p<\/span><\/span><strong style=\"color: #000000;\">ousser tout un chacun \u00e0 vivre ses passions et envies.<\/strong><span style=\"color: #000000;\"><strong><br><\/strong><\/span><\/p>\n<p style=\"text-align: justify;\"><span style=\"color: #000000;\">Dans mes projets de vadrouille, j\u2019entends nourrir mes multiples centres d&rsquo;int\u00e9r\u00eats \u2013 <strong>Anthropologie, Biodiversit\u00e9, Th\u00e9\u00e2tre, Gastronomie, Art &#8211;&nbsp;<\/strong>th\u00e8mes pour lesquels je tente de transmettre mes \u00e9motions<strong>&nbsp; \u00e0 travers l&rsquo;\u00e9criture et la photographie.&nbsp;<\/strong><\/span><\/p>\n<p style=\"text-align: justify;\"><span style=\"color: #000000;\">Voyageuse engag\u00e9e, je m&rsquo;investie<\/span><span style=\"color: #000000;\">&nbsp;dans trois causes qui me tiennent \u00e0 c\u0153ur : <\/span><strong style=\"color: #000000;\">le respect pour la diversit\u00e9 culturelle, la protection de l\u2019environnement, le respect pour les femmes.<\/strong><\/p>\n<p style=\"padding-left: 30px;\"><span style=\"color: #000000;\"><em>N&rsquo;h\u00e9sitez pas \u00e0 me suivre \u00e9galement sur <a href=\"https:\/\/www.facebook.com\/kikienvadrouilleblog\/\">Facebook<\/a> et sur <a href=\"https:\/\/www.instagram.com\/kikienvadrouille\/\">Instagram<\/a> \ud83d\ude42<\/em><\/span><\/p>\t\t\t\t\t\t\t\t<\/div>\n\t\t\t\t<\/div>\n\t\t\t\t\t<\/div>\n\t\t<\/div>\n\t\t\t\t\t<\/div>\n\t\t<\/section>\n\t\t\t\t<section class=\"elementor-section elementor-top-section elementor-element elementor-element-6d53b78 elementor-section-boxed elementor-section-height-default elementor-section-height-default\" data-id=\"6d53b78\" data-element_type=\"section\" data-e-type=\"section\">\n\t\t\t\t\t\t<div class=\"elementor-container elementor-column-gap-default\">\n\t\t\t\t\t<div class=\"elementor-column elementor-col-100 elementor-top-column elementor-element elementor-element-fc3ef88\" data-id=\"fc3ef88\" data-element_type=\"column\" data-e-type=\"column\">\n\t\t\t<div class=\"elementor-widget-wrap elementor-element-populated\">\n\t\t\t\t\t\t<div class=\"elementor-element elementor-element-50f2c78 elementor-shape-circle elementor-grid-0 e-grid-align-center elementor-widget elementor-widget-social-icons\" data-id=\"50f2c78\" data-element_type=\"widget\" data-e-type=\"widget\" data-widget_type=\"social-icons.default\">\n\t\t\t\t<div class=\"elementor-widget-container\">\n\t\t\t\t\t\t\t<div class=\"elementor-social-icons-wrapper elementor-grid\" role=\"list\">\n\t\t\t\t\t\t\t<span class=\"elementor-grid-item\" role=\"listitem\">\n\t\t\t\t\t<a class=\"elementor-icon elementor-social-icon elementor-social-icon-facebook elementor-animation-push elementor-repeater-item-3004885\" href=\"https:\/\/www.facebook.com\/kikienvadrouilleblog\/\" target=\"_blank\">\n\t\t\t\t\t\t<span class=\"elementor-screen-only\">Facebook<\/span>\n\t\t\t\t\t\t\t\t\t\t\t\t\t<i class=\"fa fa-facebook\" aria-hidden=\"true\"><\/i>\n\t\t\t\t\t\t\t\t\t\t\t<\/a>\n\t\t\t\t<\/span>\n\t\t\t\t\t\t\t<span class=\"elementor-grid-item\" role=\"listitem\">\n\t\t\t\t\t<a class=\"elementor-icon elementor-social-icon elementor-social-icon-instagram elementor-animation-push elementor-repeater-item-d9d3afd\" href=\"https:\/\/www.instagram.com\/kikienvadrouille\/?hl=fr\" target=\"_blank\">\n\t\t\t\t\t\t<span class=\"elementor-screen-only\">Instagram<\/span>\n\t\t\t\t\t\t\t\t\t\t\t\t\t<i class=\"fa fa-instagram\" aria-hidden=\"true\"><\/i>\n\t\t\t\t\t\t\t\t\t\t\t<\/a>\n\t\t\t\t<\/span>\n\t\t\t\t\t\t\t<span class=\"elementor-grid-item\" role=\"listitem\">\n\t\t\t\t\t<a class=\"elementor-icon elementor-social-icon elementor-social-icon-flickr elementor-animation-push elementor-repeater-item-a5d2479\" href=\"https:\/\/www.flickr.com\/photos\/kikienvadrouille\/\" target=\"_blank\">\n\t\t\t\t\t\t<span class=\"elementor-screen-only\">Flickr<\/span>\n\t\t\t\t\t\t\t\t\t\t\t\t\t<i class=\"fa fa-flickr\" aria-hidden=\"true\"><\/i>\n\t\t\t\t\t\t\t\t\t\t\t<\/a>\n\t\t\t\t<\/span>\n\t\t\t\t\t\t\t<span class=\"elementor-grid-item\" role=\"listitem\">\n\t\t\t\t\t<a class=\"elementor-icon elementor-social-icon elementor-social-icon-envelope elementor-animation-push elementor-repeater-item-d12dfb9\" href=\"https:\/\/kikienvadrouille.com\/?page_id=653\" target=\"_blank\">\n\t\t\t\t\t\t<span class=\"elementor-screen-only\">Envelope<\/span>\n\t\t\t\t\t\t\t\t\t\t\t\t\t<i class=\"fa fa-envelope\" aria-hidden=\"true\"><\/i>\n\t\t\t\t\t\t\t\t\t\t\t<\/a>\n\t\t\t\t<\/span>\n\t\t\t\t\t<\/div>\n\t\t\t\t\t\t<\/div>\n\t\t\t\t<\/div>\n\t\t\t\t\t<\/div>\n\t\t<\/div>\n\t\t\t\t\t<\/div>\n\t\t<\/section>\n\t\t\t\t<section class=\"elementor-section elementor-top-section elementor-element elementor-element-1d9d175 elementor-section-boxed elementor-section-height-default elementor-section-height-default\" data-id=\"1d9d175\" data-element_type=\"section\" data-e-type=\"section\">\n\t\t\t\t\t\t<div class=\"elementor-container elementor-column-gap-default\">\n\t\t\t\t\t<div class=\"elementor-column elementor-col-100 elementor-top-column elementor-element elementor-element-2c3e927\" data-id=\"2c3e927\" data-element_type=\"column\" data-e-type=\"column\">\n\t\t\t<div class=\"elementor-widget-wrap elementor-element-populated\">\n\t\t\t\t\t\t<div class=\"elementor-element elementor-element-b458f70 elementor-widget elementor-widget-image\" data-id=\"b458f70\" data-element_type=\"widget\" data-e-type=\"widget\" data-widget_type=\"image.default\">\n\t\t\t\t<div class=\"elementor-widget-container\">\n\t\t\t\t\t\t\t\t\t\t\t\t\t\t\t<img fetchpriority=\"high\" decoding=\"async\" width=\"640\" height=\"480\" src=\"https:\/\/kikienvadrouille.com\/wp-content\/uploads\/2019\/02\/P4160887-1024x768.jpg\" class=\"attachment-large size-large wp-image-2608\" alt=\"\" srcset=\"https:\/\/kikienvadrouille.com\/wp-content\/uploads\/2019\/02\/P4160887-1024x768.jpg 1024w, https:\/\/kikienvadrouille.com\/wp-content\/uploads\/2019\/02\/P4160887-300x225.jpg 300w, https:\/\/kikienvadrouille.com\/wp-content\/uploads\/2019\/02\/P4160887-768x576.jpg 768w, https:\/\/kikienvadrouille.com\/wp-content\/uploads\/2019\/02\/P4160887-360x270.jpg 360w\" sizes=\"(max-width: 640px) 100vw, 640px\" \/>\t\t\t\t\t\t\t\t\t\t\t\t\t\t\t<\/div>\n\t\t\t\t<\/div>\n\t\t\t\t\t<\/div>\n\t\t<\/div>\n\t\t\t\t\t<\/div>\n\t\t<\/section>\n\t\t\t\t<\/div>\n\t\t","protected":false},"excerpt":{"rendered":"<p>&nbsp; &nbsp; &nbsp; Christelle de mon vrai pr\u00e9nom, je suis passionn\u00e9e de nature et de voyage depuis toute petite ! Apr\u00e8s deux s\u00e9jours en Polyn\u00e9sie fran\u00e7aise \u00e0 7-8 ans, le go\u00fbt de l\u2019&nbsp;\u00ab Ailleurs&nbsp;\u00bb ne m\u2019a plus quitt\u00e9e. Plusieurs ann\u00e9es apr\u00e8s, et mon souhait de m\u2019investir dans la pr\u00e9servation de la biodiversit\u00e9 assouvi \u00e0 travers mon parcours professionnel, je reprends peu \u00e0 peu les rennes de mes r\u00eaves d\u2019enfance en partant \u00e0 la d\u00e9couverte du Monde et de ses habitants&#8230;.<\/p>\n<p class=\"read-more\"><a class=\"btn btn-default\" href=\"https:\/\/kikienvadrouille.com\/?page_id=6\">Lire la suite<span class=\"screen-reader-text\"> Lire la suite<\/span><\/a><\/p>\n","protected":false},"author":1,"featured_media":0,"parent":0,"menu_order":0,"comment_status":"open","ping_status":"open","template":"","meta":{"footnotes":""},"class_list":["post-6","page","type-page","status-publish","hentry"],"_links":{"self":[{"href":"https:\/\/kikienvadrouille.com\/index.php?rest_route=\/wp\/v2\/pages\/6","targetHints":{"allow":["GET"]}}],"collection":[{"href":"https:\/\/kikienvadrouille.com\/index.php?rest_route=\/wp\/v2\/pages"}],"about":[{"href":"https:\/\/kikienvadrouille.com\/index.php?rest_route=\/wp\/v2\/types\/page"}],"author":[{"embeddable":true,"href":"https:\/\/kikienvadrouille.com\/index.php?rest_route=\/wp\/v2\/users\/1"}],"replies":[{"embeddable":true,"href":"https:\/\/kikienvadrouille.com\/index.php?rest_route=%2Fwp%2Fv2%2Fcomments&post=6"}],"version-history":[{"count":16,"href":"https:\/\/kikienvadrouille.com\/index.php?rest_route=\/wp\/v2\/pages\/6\/revisions"}],"predecessor-version":[{"id":3268,"href":"https:\/\/kikienvadrouille.com\/index.php?rest_route=\/wp\/v2\/pages\/6\/revisions\/3268"}],"wp:attachment":[{"href":"https:\/\/kikienvadrouille.com\/index.php?rest_route=%2Fwp%2Fv2%2Fmedia&parent=6"}],"curies":[{"name":"wp","href":"https:\/\/api.w.org\/{rel}","templated":true}]}}