{"id":2769,"date":"2019-03-31T18:12:13","date_gmt":"2019-03-31T18:12:13","guid":{"rendered":"http:\/\/kikienvadrouille.com\/?page_id=2769"},"modified":"2019-04-03T20:40:23","modified_gmt":"2019-04-03T20:40:23","slug":"voyages-engages","status":"publish","type":"page","link":"https:\/\/kikienvadrouille.com\/?page_id=2769","title":{"rendered":"Voyages engag\u00e9s"},"content":{"rendered":"\t\t<div data-elementor-type=\"wp-page\" data-elementor-id=\"2769\" class=\"elementor elementor-2769\">\n\t\t\t\t\t\t<section class=\"elementor-section elementor-top-section elementor-element elementor-element-c59680b elementor-section-full_width elementor-section-height-default elementor-section-height-default\" data-id=\"c59680b\" data-element_type=\"section\" data-e-type=\"section\">\n\t\t\t\t\t\t<div class=\"elementor-container elementor-column-gap-default\">\n\t\t\t\t\t<div class=\"elementor-column elementor-col-100 elementor-top-column elementor-element elementor-element-4fa72154\" data-id=\"4fa72154\" data-element_type=\"column\" data-e-type=\"column\">\n\t\t\t<div class=\"elementor-widget-wrap elementor-element-populated\">\n\t\t\t\t\t\t<section class=\"elementor-section elementor-inner-section elementor-element elementor-element-31badb44 elementor-section-boxed elementor-section-height-default elementor-section-height-default\" data-id=\"31badb44\" data-element_type=\"section\" data-e-type=\"section\">\n\t\t\t\t\t\t<div class=\"elementor-container elementor-column-gap-default\">\n\t\t\t\t\t<div class=\"elementor-column elementor-col-100 elementor-inner-column elementor-element elementor-element-25e725bd\" data-id=\"25e725bd\" data-element_type=\"column\" data-e-type=\"column\">\n\t\t\t<div class=\"elementor-widget-wrap elementor-element-populated\">\n\t\t\t\t\t\t<div class=\"elementor-element elementor-element-5c052b5e elementor-widget elementor-widget-image\" data-id=\"5c052b5e\" data-element_type=\"widget\" data-e-type=\"widget\" data-widget_type=\"image.default\">\n\t\t\t\t<div class=\"elementor-widget-container\">\n\t\t\t\t\t\t\t\t\t\t\t\t\t\t\t<img fetchpriority=\"high\" decoding=\"async\" width=\"640\" height=\"480\" src=\"https:\/\/kikienvadrouille.com\/wp-content\/uploads\/2019\/03\/31781855_1843655872600960_2927487581975216128_o-1024x768.jpg\" class=\"attachment-large size-large wp-image-2771\" alt=\"\" srcset=\"https:\/\/kikienvadrouille.com\/wp-content\/uploads\/2019\/03\/31781855_1843655872600960_2927487581975216128_o-1024x768.jpg 1024w, https:\/\/kikienvadrouille.com\/wp-content\/uploads\/2019\/03\/31781855_1843655872600960_2927487581975216128_o-300x225.jpg 300w, https:\/\/kikienvadrouille.com\/wp-content\/uploads\/2019\/03\/31781855_1843655872600960_2927487581975216128_o-768x576.jpg 768w, https:\/\/kikienvadrouille.com\/wp-content\/uploads\/2019\/03\/31781855_1843655872600960_2927487581975216128_o-360x270.jpg 360w, https:\/\/kikienvadrouille.com\/wp-content\/uploads\/2019\/03\/31781855_1843655872600960_2927487581975216128_o.jpg 1728w\" sizes=\"(max-width: 640px) 100vw, 640px\" \/>\t\t\t\t\t\t\t\t\t\t\t\t\t\t\t<\/div>\n\t\t\t\t<\/div>\n\t\t\t\t<div class=\"elementor-element elementor-element-6618f37 elementor-widget elementor-widget-text-editor\" data-id=\"6618f37\" data-element_type=\"widget\" data-e-type=\"widget\" data-widget_type=\"text-editor.default\">\n\t\t\t\t<div class=\"elementor-widget-container\">\n\t\t\t\t\t\t\t\t\t<p>Parce que le voyage ne me suffit pas \u00e0 lui-m\u00eame, je vous parle ici de mes diff\u00e9rents projets men\u00e9s dans le Monde, aupr\u00e8s des locaux, sur des th\u00e8mes qui me sont chers :<\/p><ul class=\"_5a_q _5yj1\" dir=\"ltr\"><li class=\"_2cuy _509q _2vxa\">Le respect pour les cultures indig\u00e8nes et la pr\u00e9servation de celles-ci<\/li><li class=\"_2cuy _509q _2vxa\">Le respect pour les femmes<\/li><li class=\"_2cuy _509q _2vxa\">Le respect pour notre Terre et pour sa biodiversit\u00e9<\/li><\/ul>\t\t\t\t\t\t\t\t<\/div>\n\t\t\t\t<\/div>\n\t\t\t\t\t<\/div>\n\t\t<\/div>\n\t\t\t\t\t<\/div>\n\t\t<\/section>\n\t\t\t\t\t<\/div>\n\t\t<\/div>\n\t\t\t\t\t<\/div>\n\t\t<\/section>\n\t\t\t\t<section class=\"elementor-section elementor-top-section elementor-element elementor-element-5b59c01f elementor-section-boxed elementor-section-height-default elementor-section-height-default\" data-id=\"5b59c01f\" data-element_type=\"section\" data-e-type=\"section\">\n\t\t\t\t\t\t<div class=\"elementor-container elementor-column-gap-default\">\n\t\t\t\t\t<div class=\"elementor-column elementor-col-100 elementor-top-column elementor-element elementor-element-4f43215e\" data-id=\"4f43215e\" data-element_type=\"column\" data-e-type=\"column\">\n\t\t\t<div class=\"elementor-widget-wrap elementor-element-populated\">\n\t\t\t\t\t\t<div class=\"elementor-element elementor-element-59fb4a37 elementor-widget-divider--view-line elementor-widget elementor-widget-divider\" data-id=\"59fb4a37\" data-element_type=\"widget\" data-e-type=\"widget\" data-widget_type=\"divider.default\">\n\t\t\t\t<div class=\"elementor-widget-container\">\n\t\t\t\t\t\t\t<div class=\"elementor-divider\">\n\t\t\t<span class=\"elementor-divider-separator\">\n\t\t\t\t\t\t<\/span>\n\t\t<\/div>\n\t\t\t\t\t\t<\/div>\n\t\t\t\t<\/div>\n\t\t\t\t\t<\/div>\n\t\t<\/div>\n\t\t\t\t\t<\/div>\n\t\t<\/section>\n\t\t\t\t<section class=\"elementor-section elementor-top-section elementor-element elementor-element-722e3cd1 elementor-section-boxed elementor-section-height-default elementor-section-height-default\" data-id=\"722e3cd1\" data-element_type=\"section\" data-e-type=\"section\">\n\t\t\t\t\t\t<div class=\"elementor-container elementor-column-gap-default\">\n\t\t\t\t\t<div class=\"elementor-column elementor-col-100 elementor-top-column elementor-element elementor-element-3b4b681b\" data-id=\"3b4b681b\" data-element_type=\"column\" data-e-type=\"column\">\n\t\t\t<div class=\"elementor-widget-wrap elementor-element-populated\">\n\t\t\t\t\t\t<div class=\"elementor-element elementor-element-54c2d39 elementor-position-top elementor-widget elementor-widget-image-box\" data-id=\"54c2d39\" data-element_type=\"widget\" data-e-type=\"widget\" data-widget_type=\"image-box.default\">\n\t\t\t\t<div class=\"elementor-widget-container\">\n\t\t\t\t\t<div class=\"elementor-image-box-wrapper\"><figure class=\"elementor-image-box-img\"><a href=\"https:\/\/kikienvadrouille.com\/?page_id=2254\" target=\"_blank\" tabindex=\"-1\"><img decoding=\"async\" width=\"4608\" height=\"3456\" src=\"https:\/\/kikienvadrouille.com\/wp-content\/uploads\/2019\/03\/Nancy-Cacique-Wichi-et-militante-feministe.jpg\" class=\"attachment-full size-full wp-image-2772\" alt=\"\" srcset=\"https:\/\/kikienvadrouille.com\/wp-content\/uploads\/2019\/03\/Nancy-Cacique-Wichi-et-militante-feministe.jpg 4608w, https:\/\/kikienvadrouille.com\/wp-content\/uploads\/2019\/03\/Nancy-Cacique-Wichi-et-militante-feministe-300x225.jpg 300w, https:\/\/kikienvadrouille.com\/wp-content\/uploads\/2019\/03\/Nancy-Cacique-Wichi-et-militante-feministe-768x576.jpg 768w, https:\/\/kikienvadrouille.com\/wp-content\/uploads\/2019\/03\/Nancy-Cacique-Wichi-et-militante-feministe-1024x768.jpg 1024w, https:\/\/kikienvadrouille.com\/wp-content\/uploads\/2019\/03\/Nancy-Cacique-Wichi-et-militante-feministe-360x270.jpg 360w\" sizes=\"(max-width: 4608px) 100vw, 4608px\" \/><\/a><\/figure><div class=\"elementor-image-box-content\"><h3 class=\"elementor-image-box-title\"><a href=\"https:\/\/kikienvadrouille.com\/?page_id=2254\" target=\"_blank\">Valorisation des cultures autochtones et protection de l'environnement<\/a><\/h3><\/div><\/div>\t\t\t\t<\/div>\n\t\t\t\t<\/div>\n\t\t\t\t<div class=\"elementor-element elementor-element-347d3fa elementor-widget elementor-widget-spacer\" data-id=\"347d3fa\" data-element_type=\"widget\" data-e-type=\"widget\" data-widget_type=\"spacer.default\">\n\t\t\t\t<div class=\"elementor-widget-container\">\n\t\t\t\t\t\t\t<div class=\"elementor-spacer\">\n\t\t\t<div class=\"elementor-spacer-inner\"><\/div>\n\t\t<\/div>\n\t\t\t\t\t\t<\/div>\n\t\t\t\t<\/div>\n\t\t\t\t<div class=\"elementor-element elementor-element-81c6d39 elementor-position-top elementor-widget elementor-widget-image-box\" data-id=\"81c6d39\" data-element_type=\"widget\" data-e-type=\"widget\" data-widget_type=\"image-box.default\">\n\t\t\t\t<div class=\"elementor-widget-container\">\n\t\t\t\t\t<div class=\"elementor-image-box-wrapper\"><figure class=\"elementor-image-box-img\"><a href=\"https:\/\/kikienvadrouille.com\/?page_id=2165\" target=\"_blank\" tabindex=\"-1\"><img decoding=\"async\" width=\"2976\" height=\"3968\" src=\"https:\/\/kikienvadrouille.com\/wp-content\/uploads\/2018\/04\/IMG_20180410_193746.jpg\" class=\"attachment-full size-full wp-image-2152\" alt=\"\" srcset=\"https:\/\/kikienvadrouille.com\/wp-content\/uploads\/2018\/04\/IMG_20180410_193746.jpg 2976w, https:\/\/kikienvadrouille.com\/wp-content\/uploads\/2018\/04\/IMG_20180410_193746-225x300.jpg 225w, https:\/\/kikienvadrouille.com\/wp-content\/uploads\/2018\/04\/IMG_20180410_193746-768x1024.jpg 768w, https:\/\/kikienvadrouille.com\/wp-content\/uploads\/2018\/04\/IMG_20180410_193746-203x270.jpg 203w\" sizes=\"(max-width: 2976px) 100vw, 2976px\" \/><\/a><\/figure><div class=\"elementor-image-box-content\"><h3 class=\"elementor-image-box-title\"><a href=\"https:\/\/kikienvadrouille.com\/?page_id=2165\" target=\"_blank\">F\u00e9minisme et voyage<\/a><\/h3><\/div><\/div>\t\t\t\t<\/div>\n\t\t\t\t<\/div>\n\t\t\t\t\t<\/div>\n\t\t<\/div>\n\t\t\t\t\t<\/div>\n\t\t<\/section>\n\t\t\t\t<\/div>\n\t\t","protected":false},"excerpt":{"rendered":"<p>Parce que le voyage ne me suffit pas \u00e0 lui-m\u00eame, je vous parle ici de mes diff\u00e9rents projets men\u00e9s dans le Monde, aupr\u00e8s des locaux, sur des th\u00e8mes qui me sont chers : Le respect pour les cultures indig\u00e8nes et la pr\u00e9servation de celles-ci Le respect pour les femmes Le respect pour notre Terre et pour sa biodiversit\u00e9 Valorisation des cultures autochtones et protection de l&rsquo;environnement F\u00e9minisme et voyage<\/p>\n","protected":false},"author":1,"featured_media":0,"parent":0,"menu_order":0,"comment_status":"closed","ping_status":"closed","template":"","meta":{"footnotes":""},"class_list":["post-2769","page","type-page","status-publish","hentry"],"_links":{"self":[{"href":"https:\/\/kikienvadrouille.com\/index.php?rest_route=\/wp\/v2\/pages\/2769","targetHints":{"allow":["GET"]}}],"collection":[{"href":"https:\/\/kikienvadrouille.com\/index.php?rest_route=\/wp\/v2\/pages"}],"about":[{"href":"https:\/\/kikienvadrouille.com\/index.php?rest_route=\/wp\/v2\/types\/page"}],"author":[{"embeddable":true,"href":"https:\/\/kikienvadrouille.com\/index.php?rest_route=\/wp\/v2\/users\/1"}],"replies":[{"embeddable":true,"href":"https:\/\/kikienvadrouille.com\/index.php?rest_route=%2Fwp%2Fv2%2Fcomments&post=2769"}],"version-history":[{"count":7,"href":"https:\/\/kikienvadrouille.com\/index.php?rest_route=\/wp\/v2\/pages\/2769\/revisions"}],"predecessor-version":[{"id":2821,"href":"https:\/\/kikienvadrouille.com\/index.php?rest_route=\/wp\/v2\/pages\/2769\/revisions\/2821"}],"wp:attachment":[{"href":"https:\/\/kikienvadrouille.com\/index.php?rest_route=%2Fwp%2Fv2%2Fmedia&parent=2769"}],"curies":[{"name":"wp","href":"https:\/\/api.w.org\/{rel}","templated":true}]}}