{"id":2724,"date":"2019-03-18T21:01:07","date_gmt":"2019-03-18T21:01:07","guid":{"rendered":"http:\/\/kikienvadrouille.com\/?page_id=2724"},"modified":"2021-05-22T21:23:40","modified_gmt":"2021-05-22T21:23:40","slug":"kiki-et-les-medias","status":"publish","type":"page","link":"https:\/\/kikienvadrouille.com\/?page_id=2724","title":{"rendered":"Kiki et les m\u00e9dias"},"content":{"rendered":"\t\t<div data-elementor-type=\"wp-page\" data-elementor-id=\"2724\" class=\"elementor elementor-2724\">\n\t\t\t\t\t\t<section class=\"elementor-section elementor-top-section elementor-element elementor-element-b54dc4b elementor-section-boxed elementor-section-height-default elementor-section-height-default\" data-id=\"b54dc4b\" data-element_type=\"section\" data-e-type=\"section\">\n\t\t\t\t\t\t<div class=\"elementor-container elementor-column-gap-default\">\n\t\t\t\t\t<div class=\"elementor-column elementor-col-100 elementor-top-column elementor-element elementor-element-6399e48\" data-id=\"6399e48\" data-element_type=\"column\" data-e-type=\"column\">\n\t\t\t<div class=\"elementor-widget-wrap elementor-element-populated\">\n\t\t\t\t\t\t<div class=\"elementor-element elementor-element-4e7c50f7 elementor-widget elementor-widget-image\" data-id=\"4e7c50f7\" data-element_type=\"widget\" data-e-type=\"widget\" data-widget_type=\"image.default\">\n\t\t\t\t<div class=\"elementor-widget-container\">\n\t\t\t\t\t\t\t\t\t\t\t\t\t\t\t<img fetchpriority=\"high\" decoding=\"async\" width=\"640\" height=\"357\" src=\"https:\/\/kikienvadrouille.com\/wp-content\/uploads\/2019\/03\/Passage-France-o-1024x571.jpg\" class=\"attachment-large size-large wp-image-2725\" alt=\"\" srcset=\"https:\/\/kikienvadrouille.com\/wp-content\/uploads\/2019\/03\/Passage-France-o-1024x571.jpg 1024w, https:\/\/kikienvadrouille.com\/wp-content\/uploads\/2019\/03\/Passage-France-o-300x167.jpg 300w, https:\/\/kikienvadrouille.com\/wp-content\/uploads\/2019\/03\/Passage-France-o-768x428.jpg 768w, https:\/\/kikienvadrouille.com\/wp-content\/uploads\/2019\/03\/Passage-France-o-484x270.jpg 484w, https:\/\/kikienvadrouille.com\/wp-content\/uploads\/2019\/03\/Passage-France-o.jpg 1063w\" sizes=\"(max-width: 640px) 100vw, 640px\" \/>\t\t\t\t\t\t\t\t\t\t\t\t\t\t\t<\/div>\n\t\t\t\t<\/div>\n\t\t\t\t\t<\/div>\n\t\t<\/div>\n\t\t\t\t\t<\/div>\n\t\t<\/section>\n\t\t\t\t<section class=\"elementor-section elementor-top-section elementor-element elementor-element-4df2ed4 elementor-section-boxed elementor-section-height-default elementor-section-height-default\" data-id=\"4df2ed4\" data-element_type=\"section\" data-e-type=\"section\" data-settings=\"{&quot;background_background&quot;:&quot;gradient&quot;}\">\n\t\t\t\t\t\t<div class=\"elementor-container elementor-column-gap-default\">\n\t\t\t\t\t<div class=\"elementor-column elementor-col-100 elementor-top-column elementor-element elementor-element-132e5bd8\" data-id=\"132e5bd8\" data-element_type=\"column\" data-e-type=\"column\">\n\t\t\t<div class=\"elementor-widget-wrap elementor-element-populated\">\n\t\t\t\t\t\t<div class=\"elementor-element elementor-element-6403fd35 elementor-widget elementor-widget-text-editor\" data-id=\"6403fd35\" data-element_type=\"widget\" data-e-type=\"widget\" data-widget_type=\"text-editor.default\">\n\t\t\t\t<div class=\"elementor-widget-container\">\n\t\t\t\t\t\t\t\t\t<p><i><b>Dans cet espace, vous trouverez les liens et vid\u00e9os des m\u00e9dias qui ont parl\u00e9 de <span style=\"color: #6ec1e4;\"><a style=\"text-decoration: underline; color: #6ec1e4;\" href=\"https:\/\/kikienvadrouille.com\/?page_id=2254\">mon projet de voyages engag\u00e9s<\/a><\/span>.<\/b><\/i><\/p>\t\t\t\t\t\t\t\t<\/div>\n\t\t\t\t<\/div>\n\t\t\t\t\t<\/div>\n\t\t<\/div>\n\t\t\t\t\t<\/div>\n\t\t<\/section>\n\t\t\t\t<section class=\"elementor-section elementor-top-section elementor-element elementor-element-1e57ca2f elementor-section-boxed elementor-section-height-default elementor-section-height-default\" data-id=\"1e57ca2f\" data-element_type=\"section\" data-e-type=\"section\">\n\t\t\t\t\t\t<div class=\"elementor-container elementor-column-gap-default\">\n\t\t\t\t\t<div class=\"elementor-column elementor-col-100 elementor-top-column elementor-element elementor-element-f83b65f\" data-id=\"f83b65f\" data-element_type=\"column\" data-e-type=\"column\">\n\t\t\t<div class=\"elementor-widget-wrap elementor-element-populated\">\n\t\t\t\t\t\t<div class=\"elementor-element elementor-element-51f499a0 elementor-widget elementor-widget-text-editor\" data-id=\"51f499a0\" data-element_type=\"widget\" data-e-type=\"widget\" data-widget_type=\"text-editor.default\">\n\t\t\t\t<div class=\"elementor-widget-container\">\n\t\t\t\t\t\t\t\t\t<p>*****************<\/p>\t\t\t\t\t\t\t\t<\/div>\n\t\t\t\t<\/div>\n\t\t\t\t<div class=\"elementor-element elementor-element-25764dcb elementor-view-default elementor-widget elementor-widget-icon\" data-id=\"25764dcb\" data-element_type=\"widget\" data-e-type=\"widget\" data-widget_type=\"icon.default\">\n\t\t\t\t<div class=\"elementor-widget-container\">\n\t\t\t\t\t\t\t<div class=\"elementor-icon-wrapper\">\n\t\t\t<div class=\"elementor-icon\">\n\t\t\t<i aria-hidden=\"true\" class=\"fas fa-tv\"><\/i>\t\t\t<\/div>\n\t\t<\/div>\n\t\t\t\t\t\t<\/div>\n\t\t\t\t<\/div>\n\t\t\t\t\t<\/div>\n\t\t<\/div>\n\t\t\t\t\t<\/div>\n\t\t<\/section>\n\t\t\t\t<section class=\"elementor-section elementor-top-section elementor-element elementor-element-3edd8fb elementor-section-boxed elementor-section-height-default elementor-section-height-default\" data-id=\"3edd8fb\" data-element_type=\"section\" data-e-type=\"section\">\n\t\t\t\t\t\t<div class=\"elementor-container elementor-column-gap-default\">\n\t\t\t\t\t<div class=\"elementor-column elementor-col-100 elementor-top-column elementor-element elementor-element-a78cae7\" data-id=\"a78cae7\" data-element_type=\"column\" data-e-type=\"column\">\n\t\t\t<div class=\"elementor-widget-wrap elementor-element-populated\">\n\t\t\t\t\t\t<div class=\"elementor-element elementor-element-bf2ee64 elementor-widget elementor-widget-heading\" data-id=\"bf2ee64\" data-element_type=\"widget\" data-e-type=\"widget\" data-widget_type=\"heading.default\">\n\t\t\t\t<div class=\"elementor-widget-container\">\n\t\t\t\t\t<h2 class=\"elementor-heading-title elementor-size-default\">M\u00e9dias t\u00e9l\u00e9vis\u00e9s <\/h2>\t\t\t\t<\/div>\n\t\t\t\t<\/div>\n\t\t\t\t\t<\/div>\n\t\t<\/div>\n\t\t\t\t\t<\/div>\n\t\t<\/section>\n\t\t\t\t<section class=\"elementor-section elementor-top-section elementor-element elementor-element-5770962a elementor-section-boxed elementor-section-height-default elementor-section-height-default\" data-id=\"5770962a\" data-element_type=\"section\" data-e-type=\"section\">\n\t\t\t\t\t\t<div class=\"elementor-container elementor-column-gap-default\">\n\t\t\t\t\t<div class=\"elementor-column elementor-col-100 elementor-top-column elementor-element elementor-element-284aae5b\" data-id=\"284aae5b\" data-element_type=\"column\" data-e-type=\"column\">\n\t\t\t<div class=\"elementor-widget-wrap elementor-element-populated\">\n\t\t\t\t\t\t\t<\/div>\n\t\t<\/div>\n\t\t\t\t\t<\/div>\n\t\t<\/section>\n\t\t\t\t<section class=\"elementor-section elementor-top-section elementor-element elementor-element-70e22dbf elementor-section-boxed elementor-section-height-default elementor-section-height-default\" data-id=\"70e22dbf\" data-element_type=\"section\" data-e-type=\"section\">\n\t\t\t\t\t\t<div class=\"elementor-container elementor-column-gap-default\">\n\t\t\t\t\t<div class=\"elementor-column elementor-col-100 elementor-top-column elementor-element elementor-element-550a5c08\" data-id=\"550a5c08\" data-element_type=\"column\" data-e-type=\"column\">\n\t\t\t<div class=\"elementor-widget-wrap elementor-element-populated\">\n\t\t\t\t\t\t<div class=\"elementor-element elementor-element-d569f82 elementor-widget__width-initial elementor-icon-list--layout-traditional elementor-list-item-link-full_width elementor-widget elementor-widget-icon-list\" data-id=\"d569f82\" data-element_type=\"widget\" data-e-type=\"widget\" data-widget_type=\"icon-list.default\">\n\t\t\t\t<div class=\"elementor-widget-container\">\n\t\t\t\t\t\t\t<ul class=\"elementor-icon-list-items\">\n\t\t\t\t\t\t\t<li class=\"elementor-icon-list-item\">\n\t\t\t\t\t\t\t\t\t\t\t<span class=\"elementor-icon-list-icon\">\n\t\t\t\t\t\t\t<i aria-hidden=\"true\" class=\"fas fa-splotch\"><\/i>\t\t\t\t\t\t<\/span>\n\t\t\t\t\t\t\t\t\t\t<span class=\"elementor-icon-list-text\"><b>France \u00d4<\/b><\/span>\n\t\t\t\t\t\t\t\t\t<\/li>\n\t\t\t\t\t\t<\/ul>\n\t\t\t\t\t\t<\/div>\n\t\t\t\t<\/div>\n\t\t\t\t<div class=\"elementor-element elementor-element-7c025580 elementor-widget__width-inherit elementor-widget elementor-widget-text-editor\" data-id=\"7c025580\" data-element_type=\"widget\" data-e-type=\"widget\" data-widget_type=\"text-editor.default\">\n\t\t\t\t<div class=\"elementor-widget-container\">\n\t\t\t\t\t\t\t\t\t<p>\u00a0<\/p><p>Dans le cadre de la Chronique Evasion de l&rsquo;\u00e9mission quotidienne <a href=\"https:\/\/ltom.fr\">Les t\u00e9moins d&rsquo;outre-Mer<\/a>, j&rsquo;ai pu pr\u00e9senter mon projet de voyages engag\u00e9s, et en particulier, <a href=\"https:\/\/kikienvadrouille.com\/?page_id=2261\">l&rsquo;initiative d&rsquo;\u00e9cotourisme de Wilder en Amazonie p\u00e9ruvienne<\/a>.<\/p>\t\t\t\t\t\t\t\t<\/div>\n\t\t\t\t<\/div>\n\t\t\t\t<div class=\"elementor-element elementor-element-bb26f36 elementor-widget__width-inherit elementor-widget elementor-widget-text-editor\" data-id=\"bb26f36\" data-element_type=\"widget\" data-e-type=\"widget\" data-widget_type=\"text-editor.default\">\n\t\t\t\t<div class=\"elementor-widget-container\">\n\t\t\t\t\t\t\t\t\t<p><span style=\"color: #ff0000;\"><img decoding=\"async\" class=\"emoji\" draggable=\"false\" src=\"https:\/\/s.w.org\/images\/core\/emoji\/11\/svg\/26a0.svg\" alt=\"\u26a0\" \/> <b>Attention !<\/b><\/span><b> <\/b>Apparaissent <b>deux grosses erreurs d&rsquo;interpr\u00e9tation<\/b> dans la pr\u00e9sentation que fait le chroniqueur de mon reportage chez Wilder :<\/p><p>&#8211; <strong>Canaan n&rsquo;est pas un village autochtone<\/strong> mais un village de locaux m\u00e9tiss\u00e9s.<\/p><p style=\"margin-top: 6px; margin-bottom: 6px; font-family: inherit;\">&#8211; Le montage de l&rsquo;interview de Wilder lui fait dire que lui et les habitants de son village sensibilisent de mani\u00e8re unilat\u00e9rale les occidentaux \u00e0 la protection de la biodiversit\u00e9, OR le premier objectif de Wilder est surtout de<strong> sensibiliser les habitants de son village et des villages alentour \u00e0 adopter des pratiques plus respectueuses de leur propre environnement<\/strong> (avant le projet de Wilder, ceux-ci d\u00e9forestaient et braconnaient pour survivre, dans un contexte de situation tr\u00e8s pr\u00e9caire).<\/p>\t\t\t\t\t\t\t\t<\/div>\n\t\t\t\t<\/div>\n\t\t\t\t\t<\/div>\n\t\t<\/div>\n\t\t\t\t\t<\/div>\n\t\t<\/section>\n\t\t\t\t<section class=\"elementor-section elementor-top-section elementor-element elementor-element-62d66af3 elementor-section-boxed elementor-section-height-default elementor-section-height-default\" data-id=\"62d66af3\" data-element_type=\"section\" data-e-type=\"section\">\n\t\t\t\t\t\t<div class=\"elementor-container elementor-column-gap-default\">\n\t\t\t\t\t<div class=\"elementor-column elementor-col-100 elementor-top-column elementor-element elementor-element-13101de0\" data-id=\"13101de0\" data-element_type=\"column\" data-e-type=\"column\">\n\t\t\t<div class=\"elementor-widget-wrap elementor-element-populated\">\n\t\t\t\t\t\t<div class=\"elementor-element elementor-element-4130584 elementor-widget elementor-widget-video\" data-id=\"4130584\" data-element_type=\"widget\" data-e-type=\"widget\" data-settings=\"{&quot;youtube_url&quot;:&quot;https:\\\/\\\/youtu.be\\\/i0YCDxveCzw&quot;,&quot;yt_privacy&quot;:&quot;yes&quot;,&quot;video_type&quot;:&quot;youtube&quot;,&quot;controls&quot;:&quot;yes&quot;}\" data-widget_type=\"video.default\">\n\t\t\t\t<div class=\"elementor-widget-container\">\n\t\t\t\t\t\t\t<div class=\"elementor-wrapper elementor-open-inline\">\n\t\t\t<div class=\"elementor-video\"><\/div>\t\t<\/div>\n\t\t\t\t\t\t<\/div>\n\t\t\t\t<\/div>\n\t\t\t\t\t<\/div>\n\t\t<\/div>\n\t\t\t\t\t<\/div>\n\t\t<\/section>\n\t\t\t\t<section class=\"elementor-section elementor-top-section elementor-element elementor-element-444fad28 elementor-section-boxed elementor-section-height-default elementor-section-height-default\" data-id=\"444fad28\" data-element_type=\"section\" data-e-type=\"section\">\n\t\t\t\t\t\t<div class=\"elementor-container elementor-column-gap-default\">\n\t\t\t\t\t<div class=\"elementor-column elementor-col-100 elementor-top-column elementor-element elementor-element-7da43937\" data-id=\"7da43937\" data-element_type=\"column\" data-e-type=\"column\">\n\t\t\t<div class=\"elementor-widget-wrap elementor-element-populated\">\n\t\t\t\t\t\t<div class=\"elementor-element elementor-element-8882e39 elementor-widget elementor-widget-spacer\" data-id=\"8882e39\" data-element_type=\"widget\" data-e-type=\"widget\" data-widget_type=\"spacer.default\">\n\t\t\t\t<div class=\"elementor-widget-container\">\n\t\t\t\t\t\t\t<div class=\"elementor-spacer\">\n\t\t\t<div class=\"elementor-spacer-inner\"><\/div>\n\t\t<\/div>\n\t\t\t\t\t\t<\/div>\n\t\t\t\t<\/div>\n\t\t\t\t<div class=\"elementor-element elementor-element-1dced42 elementor-view-default elementor-widget elementor-widget-icon\" data-id=\"1dced42\" data-element_type=\"widget\" data-e-type=\"widget\" data-widget_type=\"icon.default\">\n\t\t\t\t<div class=\"elementor-widget-container\">\n\t\t\t\t\t\t\t<div class=\"elementor-icon-wrapper\">\n\t\t\t<div class=\"elementor-icon\">\n\t\t\t<i aria-hidden=\"true\" class=\"fas fa-newspaper\"><\/i>\t\t\t<\/div>\n\t\t<\/div>\n\t\t\t\t\t\t<\/div>\n\t\t\t\t<\/div>\n\t\t\t\t<div class=\"elementor-element elementor-element-96b40a5 elementor-widget elementor-widget-heading\" data-id=\"96b40a5\" data-element_type=\"widget\" data-e-type=\"widget\" data-widget_type=\"heading.default\">\n\t\t\t\t<div class=\"elementor-widget-container\">\n\t\t\t\t\t<h2 class=\"elementor-heading-title elementor-size-default\">Presse \u00e9crite <\/h2>\t\t\t\t<\/div>\n\t\t\t\t<\/div>\n\t\t\t\t<div class=\"elementor-element elementor-element-e5612c5 elementor-widget elementor-widget-spacer\" data-id=\"e5612c5\" data-element_type=\"widget\" data-e-type=\"widget\" data-widget_type=\"spacer.default\">\n\t\t\t\t<div class=\"elementor-widget-container\">\n\t\t\t\t\t\t\t<div class=\"elementor-spacer\">\n\t\t\t<div class=\"elementor-spacer-inner\"><\/div>\n\t\t<\/div>\n\t\t\t\t\t\t<\/div>\n\t\t\t\t<\/div>\n\t\t\t\t<div class=\"elementor-element elementor-element-eae640c elementor-widget__width-initial elementor-icon-list--layout-traditional elementor-list-item-link-full_width elementor-widget elementor-widget-icon-list\" data-id=\"eae640c\" data-element_type=\"widget\" data-e-type=\"widget\" data-widget_type=\"icon-list.default\">\n\t\t\t\t<div class=\"elementor-widget-container\">\n\t\t\t\t\t\t\t<ul class=\"elementor-icon-list-items\">\n\t\t\t\t\t\t\t<li class=\"elementor-icon-list-item\">\n\t\t\t\t\t\t\t\t\t\t\t<span class=\"elementor-icon-list-icon\">\n\t\t\t\t\t\t\t<i aria-hidden=\"true\" class=\"fas fa-splotch\"><\/i>\t\t\t\t\t\t<\/span>\n\t\t\t\t\t\t\t\t\t\t<span class=\"elementor-icon-list-text\"><b>Revue NATIVES<\/b><\/span>\n\t\t\t\t\t\t\t\t\t<\/li>\n\t\t\t\t\t\t<\/ul>\n\t\t\t\t\t\t<\/div>\n\t\t\t\t<\/div>\n\t\t\t\t<div class=\"elementor-element elementor-element-cca9f54 elementor-widget__width-inherit elementor-widget elementor-widget-text-editor\" data-id=\"cca9f54\" data-element_type=\"widget\" data-e-type=\"widget\" data-widget_type=\"text-editor.default\">\n\t\t\t\t<div class=\"elementor-widget-container\">\n\t\t\t\t\t\t\t\t\t<p>\u00a0<\/p><p>Le magazine \u00ab <a href=\"http:\/\/www.revue-natives.com\/\">Natives, des peuples, des racines\u00a0<\/a>\u00bb est le premier, en langue fran\u00e7aise, \u00e0 donner la voix aux peuples autochtones pour rendre visible leur culture et leurs luttes pour le respect de leur identit\u00e9 et de leur mode de vie intimement li\u00e9s aux \u00e9l\u00e9ments naturels.<\/p><p>\u00a0<\/p><p>Dans le\u00a0<strong><a href=\"http:\/\/www.revue-natives.com\/portfolio_page\/natives-n02\/\">Num\u00e9ro 2<\/a> <\/strong>de ce tout nouveau magazine, consacr\u00e9 aux femmes autochtones,<strong> je dresse le portrait de Nancy Lopez qui s&rsquo;attache, avec les habitants premiers du Chaco argentin, \u00e0 faire reconna\u00eetre leurs peuples et la protection de leurs terres<\/strong>, dans un contexte d&rsquo;urgence humanitaire, sanitaire et \u00e9cologique.\u00a0<\/p><div dir=\"auto\" style=\"font-size: 18px; font-weight: bold;\"><div class=\"kvgmc6g5 cxmmr5t8 oygrvhab hcukyx3x c1et5uql ii04i59q\"><div class=\"o9v6fnle cxmmr5t8 oygrvhab hcukyx3x c1et5uql ii04i59q\"><p dir=\"auto\">\u00a0<\/p><\/div><\/div><\/div>\t\t\t\t\t\t\t\t<\/div>\n\t\t\t\t<\/div>\n\t\t\t\t<div class=\"elementor-element elementor-element-98ac97f elementor-widget elementor-widget-image\" data-id=\"98ac97f\" data-element_type=\"widget\" data-e-type=\"widget\" data-widget_type=\"image.default\">\n\t\t\t\t<div class=\"elementor-widget-container\">\n\t\t\t\t\t\t\t\t\t\t\t\t\t\t\t<img decoding=\"async\" width=\"640\" height=\"853\" src=\"https:\/\/kikienvadrouille.com\/wp-content\/uploads\/2020\/11\/Couverture-Native-n2-Femmes-autochtones-768x1024.jpg\" class=\"attachment-medium_large size-medium_large wp-image-3430\" alt=\"\" srcset=\"https:\/\/kikienvadrouille.com\/wp-content\/uploads\/2020\/11\/Couverture-Native-n2-Femmes-autochtones-768x1024.jpg 768w, https:\/\/kikienvadrouille.com\/wp-content\/uploads\/2020\/11\/Couverture-Native-n2-Femmes-autochtones-225x300.jpg 225w, https:\/\/kikienvadrouille.com\/wp-content\/uploads\/2020\/11\/Couverture-Native-n2-Femmes-autochtones-202x270.jpg 202w, https:\/\/kikienvadrouille.com\/wp-content\/uploads\/2020\/11\/Couverture-Native-n2-Femmes-autochtones.jpg 827w\" sizes=\"(max-width: 640px) 100vw, 640px\" \/>\t\t\t\t\t\t\t\t\t\t\t\t\t\t\t<\/div>\n\t\t\t\t<\/div>\n\t\t\t\t<div class=\"elementor-element elementor-element-4ba6556 elementor-widget elementor-widget-spacer\" data-id=\"4ba6556\" data-element_type=\"widget\" data-e-type=\"widget\" data-widget_type=\"spacer.default\">\n\t\t\t\t<div class=\"elementor-widget-container\">\n\t\t\t\t\t\t\t<div class=\"elementor-spacer\">\n\t\t\t<div class=\"elementor-spacer-inner\"><\/div>\n\t\t<\/div>\n\t\t\t\t\t\t<\/div>\n\t\t\t\t<\/div>\n\t\t\t\t<div class=\"elementor-element elementor-element-236e469 elementor-widget__width-initial elementor-icon-list--layout-traditional elementor-list-item-link-full_width elementor-widget elementor-widget-icon-list\" data-id=\"236e469\" data-element_type=\"widget\" data-e-type=\"widget\" data-widget_type=\"icon-list.default\">\n\t\t\t\t<div class=\"elementor-widget-container\">\n\t\t\t\t\t\t\t<ul class=\"elementor-icon-list-items\">\n\t\t\t\t\t\t\t<li class=\"elementor-icon-list-item\">\n\t\t\t\t\t\t\t\t\t\t\t<span class=\"elementor-icon-list-icon\">\n\t\t\t\t\t\t\t<i aria-hidden=\"true\" class=\"fas fa-splotch\"><\/i>\t\t\t\t\t\t<\/span>\n\t\t\t\t\t\t\t\t\t\t<span class=\"elementor-icon-list-text\">Globe-Trotters Magazine<\/span>\n\t\t\t\t\t\t\t\t\t<\/li>\n\t\t\t\t\t\t<\/ul>\n\t\t\t\t\t\t<\/div>\n\t\t\t\t<\/div>\n\t\t\t\t\t<\/div>\n\t\t<\/div>\n\t\t\t\t\t<\/div>\n\t\t<\/section>\n\t\t\t\t<section class=\"elementor-section elementor-top-section elementor-element elementor-element-24aa7ff elementor-section-boxed elementor-section-height-default elementor-section-height-default\" data-id=\"24aa7ff\" data-element_type=\"section\" data-e-type=\"section\">\n\t\t\t\t\t\t<div class=\"elementor-container elementor-column-gap-default\">\n\t\t\t\t\t<div class=\"elementor-column elementor-col-100 elementor-top-column elementor-element elementor-element-bdb1cd6\" data-id=\"bdb1cd6\" data-element_type=\"column\" data-e-type=\"column\">\n\t\t\t<div class=\"elementor-widget-wrap elementor-element-populated\">\n\t\t\t\t\t\t<div class=\"elementor-element elementor-element-f56a237 elementor-widget__width-inherit elementor-widget elementor-widget-text-editor\" data-id=\"f56a237\" data-element_type=\"widget\" data-e-type=\"widget\" data-widget_type=\"text-editor.default\">\n\t\t\t\t<div class=\"elementor-widget-container\">\n\t\t\t\t\t\t\t\t\t<p>\u00a0<\/p><p><a class=\"oajrlxb2 g5ia77u1 qu0x051f esr5mh6w e9989ue4 r7d6kgcz rq0escxv nhd2j8a9 nc684nl6 p7hjln8o kvgmc6g5 cxmmr5t8 oygrvhab hcukyx3x jb3vyjys rz4wbd8a qt6c0cv9 a8nywdso i1ao9s8h esuyzwwr f1sip0of lzcic4wl q66pz984 gpro0wi8 b1v8xokw\" tabindex=\"0\" role=\"link\" href=\"https:\/\/www.facebook.com\/Globe-Trotters-Magazine-1773890852865808\/?__cft__[0]=AZXv49hkWaU-l1YmQbiomYA4HBzRZTKCcz5lJPOdfmSyNLOVt_RSdRTJXjoFAimDVwKunRjtqw1VCmymIKtRYUP-yjcIeVP8ewXtZJ3yzfvO8SDGfDfwnIcT7JcqChBydjtY1ypiUnU6WFP4Ok2ijX0ROtjsLu6IVwuUi9k1PLL2YwUOQjiJYnA_pHH7wXmpMnA&amp;__tn__=kK-R\"><span class=\"nc684nl6\">Globe-Trotters Magazine<\/span><\/a> est une revue de l&rsquo;association <a class=\"oajrlxb2 g5ia77u1 qu0x051f esr5mh6w e9989ue4 r7d6kgcz rq0escxv nhd2j8a9 nc684nl6 p7hjln8o kvgmc6g5 cxmmr5t8 oygrvhab hcukyx3x jb3vyjys rz4wbd8a qt6c0cv9 a8nywdso i1ao9s8h esuyzwwr f1sip0of lzcic4wl q66pz984 gpro0wi8 b1v8xokw\" tabindex=\"0\" role=\"link\" href=\"https:\/\/www.facebook.com\/aventure.boutdumonde\/?__cft__[0]=AZXv49hkWaU-l1YmQbiomYA4HBzRZTKCcz5lJPOdfmSyNLOVt_RSdRTJXjoFAimDVwKunRjtqw1VCmymIKtRYUP-yjcIeVP8ewXtZJ3yzfvO8SDGfDfwnIcT7JcqChBydjtY1ypiUnU6WFP4Ok2ijX0ROtjsLu6IVwuUi9k1PLL2YwUOQjiJYnA_pHH7wXmpMnA&amp;__tn__=kK-R\"><span class=\"nc684nl6\">ABM, Aventure du Bout du Monde. <\/span><\/a>Cette revue donne la plume \u00e0 ses adh\u00e9rents pour leur permettre de partager leurs exp\u00e9riences de voyages, des plus locales au plus lointaines.<\/p><p>\u00a0<\/p><p><strong><a href=\"https:\/\/www.abm.fr\/index.php?option=com_virtuemart&amp;view=productdetails&amp;virtuemart_product_id=363&amp;virtuemart_category_id=18&amp;Itemid=445&amp;fbclid=IwAR01TD50QEhnru6PzH1G2-zasbECAEuzUVA6M70YVFJAY1ASZ6KvHKw4K6c\">Dans son n\u00b0193 de septembre-octobre<\/a><\/strong>, je parle de <strong>l&rsquo;activit\u00e9 d&rsquo;\u00e9cotourisme de Wilder, \u00e0 travers mon exp\u00e9rience d&rsquo;immersion dans sa famille<\/strong> dans un petit village d&rsquo;Amazonie p\u00e9ruvienne.<\/p><div dir=\"auto\" style=\"font-size: 18px; font-weight: bold;\"><div class=\"kvgmc6g5 cxmmr5t8 oygrvhab hcukyx3x c1et5uql ii04i59q\"><div class=\"o9v6fnle cxmmr5t8 oygrvhab hcukyx3x c1et5uql ii04i59q\"><p dir=\"auto\">\u00a0<\/p><\/div><\/div><\/div>\t\t\t\t\t\t\t\t<\/div>\n\t\t\t\t<\/div>\n\t\t\t\t<div class=\"elementor-element elementor-element-f5ffb7e elementor-widget elementor-widget-image\" data-id=\"f5ffb7e\" data-element_type=\"widget\" data-e-type=\"widget\" data-widget_type=\"image.default\">\n\t\t\t\t<div class=\"elementor-widget-container\">\n\t\t\t\t\t\t\t\t\t\t\t\t\t\t\t<img decoding=\"async\" width=\"504\" height=\"700\" src=\"https:\/\/kikienvadrouille.com\/wp-content\/uploads\/2021\/05\/GT193_gd.jpg\" class=\"attachment-large size-large wp-image-4071\" alt=\"\" srcset=\"https:\/\/kikienvadrouille.com\/wp-content\/uploads\/2021\/05\/GT193_gd.jpg 504w, https:\/\/kikienvadrouille.com\/wp-content\/uploads\/2021\/05\/GT193_gd-216x300.jpg 216w, https:\/\/kikienvadrouille.com\/wp-content\/uploads\/2021\/05\/GT193_gd-194x270.jpg 194w\" sizes=\"(max-width: 504px) 100vw, 504px\" \/>\t\t\t\t\t\t\t\t\t\t\t\t\t\t\t<\/div>\n\t\t\t\t<\/div>\n\t\t\t\t\t<\/div>\n\t\t<\/div>\n\t\t\t\t\t<\/div>\n\t\t<\/section>\n\t\t\t\t<\/div>\n\t\t","protected":false},"excerpt":{"rendered":"<p>Dans cet espace, vous trouverez les liens et vid\u00e9os des m\u00e9dias qui ont parl\u00e9 de mon projet de voyages engag\u00e9s. ***************** M\u00e9dias t\u00e9l\u00e9vis\u00e9s France \u00d4 \u00a0 Dans le cadre de la Chronique Evasion de l&rsquo;\u00e9mission quotidienne Les t\u00e9moins d&rsquo;outre-Mer, j&rsquo;ai pu pr\u00e9senter mon projet de voyages engag\u00e9s, et en particulier, l&rsquo;initiative d&rsquo;\u00e9cotourisme de Wilder en Amazonie p\u00e9ruvienne. Attention ! Apparaissent deux grosses erreurs d&rsquo;interpr\u00e9tation dans la pr\u00e9sentation que fait le chroniqueur de mon reportage chez Wilder : &#8211; Canaan n&rsquo;est&#8230;<\/p>\n<p class=\"read-more\"><a class=\"btn btn-default\" href=\"https:\/\/kikienvadrouille.com\/?page_id=2724\">Lire la suite<span class=\"screen-reader-text\"> Lire la suite<\/span><\/a><\/p>\n","protected":false},"author":1,"featured_media":0,"parent":0,"menu_order":0,"comment_status":"closed","ping_status":"closed","template":"","meta":{"footnotes":""},"class_list":["post-2724","page","type-page","status-publish","hentry"],"_links":{"self":[{"href":"https:\/\/kikienvadrouille.com\/index.php?rest_route=\/wp\/v2\/pages\/2724","targetHints":{"allow":["GET"]}}],"collection":[{"href":"https:\/\/kikienvadrouille.com\/index.php?rest_route=\/wp\/v2\/pages"}],"about":[{"href":"https:\/\/kikienvadrouille.com\/index.php?rest_route=\/wp\/v2\/types\/page"}],"author":[{"embeddable":true,"href":"https:\/\/kikienvadrouille.com\/index.php?rest_route=\/wp\/v2\/users\/1"}],"replies":[{"embeddable":true,"href":"https:\/\/kikienvadrouille.com\/index.php?rest_route=%2Fwp%2Fv2%2Fcomments&post=2724"}],"version-history":[{"count":10,"href":"https:\/\/kikienvadrouille.com\/index.php?rest_route=\/wp\/v2\/pages\/2724\/revisions"}],"predecessor-version":[{"id":4077,"href":"https:\/\/kikienvadrouille.com\/index.php?rest_route=\/wp\/v2\/pages\/2724\/revisions\/4077"}],"wp:attachment":[{"href":"https:\/\/kikienvadrouille.com\/index.php?rest_route=%2Fwp%2Fv2%2Fmedia&parent=2724"}],"curies":[{"name":"wp","href":"https:\/\/api.w.org\/{rel}","templated":true}]}}