{"id":2128,"date":"2018-02-22T21:59:05","date_gmt":"2018-02-22T21:59:05","guid":{"rendered":"http:\/\/kikienvadrouille.com\/?page_id=2128"},"modified":"2024-11-30T21:32:12","modified_gmt":"2024-11-30T21:32:12","slug":"amerique-du-sud","status":"publish","type":"page","link":"https:\/\/kikienvadrouille.com\/?page_id=2128","title":{"rendered":"Am\u00e9rique du Sud"},"content":{"rendered":"\t\t<div data-elementor-type=\"wp-page\" data-elementor-id=\"2128\" class=\"elementor elementor-2128\">\n\t\t\t\t\t\t<section class=\"elementor-section elementor-top-section elementor-element elementor-element-5cd0bd04 elementor-section-boxed elementor-section-height-default elementor-section-height-default\" data-id=\"5cd0bd04\" data-element_type=\"section\" data-e-type=\"section\">\n\t\t\t\t\t\t<div class=\"elementor-container elementor-column-gap-default\">\n\t\t\t\t\t<div class=\"elementor-column elementor-col-100 elementor-top-column elementor-element elementor-element-4fdcf075\" data-id=\"4fdcf075\" data-element_type=\"column\" data-e-type=\"column\">\n\t\t\t<div class=\"elementor-widget-wrap elementor-element-populated\">\n\t\t\t\t\t\t<div class=\"elementor-element elementor-element-5618e84a elementor-widget elementor-widget-image\" data-id=\"5618e84a\" data-element_type=\"widget\" data-e-type=\"widget\" data-widget_type=\"image.default\">\n\t\t\t\t<div class=\"elementor-widget-container\">\n\t\t\t\t\t\t\t\t\t\t\t\t\t\t\t<img fetchpriority=\"high\" decoding=\"async\" width=\"640\" height=\"480\" src=\"https:\/\/kikienvadrouille.com\/wp-content\/uploads\/2019\/03\/IMG_20180530_160842-1024x768.jpg\" class=\"attachment-large size-large wp-image-2733\" alt=\"\" srcset=\"https:\/\/kikienvadrouille.com\/wp-content\/uploads\/2019\/03\/IMG_20180530_160842-1024x768.jpg 1024w, https:\/\/kikienvadrouille.com\/wp-content\/uploads\/2019\/03\/IMG_20180530_160842-300x225.jpg 300w, https:\/\/kikienvadrouille.com\/wp-content\/uploads\/2019\/03\/IMG_20180530_160842-768x576.jpg 768w, https:\/\/kikienvadrouille.com\/wp-content\/uploads\/2019\/03\/IMG_20180530_160842-360x270.jpg 360w\" sizes=\"(max-width: 640px) 100vw, 640px\" \/>\t\t\t\t\t\t\t\t\t\t\t\t\t\t\t<\/div>\n\t\t\t\t<\/div>\n\t\t\t\t\t<\/div>\n\t\t<\/div>\n\t\t\t\t\t<\/div>\n\t\t<\/section>\n\t\t\t\t<section class=\"elementor-section elementor-top-section elementor-element elementor-element-1f13451d elementor-section-boxed elementor-section-height-default elementor-section-height-default\" data-id=\"1f13451d\" data-element_type=\"section\" data-e-type=\"section\" data-settings=\"{&quot;background_background&quot;:&quot;gradient&quot;}\">\n\t\t\t\t\t\t<div class=\"elementor-container elementor-column-gap-default\">\n\t\t\t\t\t<div class=\"elementor-column elementor-col-100 elementor-top-column elementor-element elementor-element-1f02c3ca\" data-id=\"1f02c3ca\" data-element_type=\"column\" data-e-type=\"column\">\n\t\t\t<div class=\"elementor-widget-wrap elementor-element-populated\">\n\t\t\t\t\t\t<div class=\"elementor-element elementor-element-662887e elementor-widget elementor-widget-text-editor\" data-id=\"662887e\" data-element_type=\"widget\" data-e-type=\"widget\" data-widget_type=\"text-editor.default\">\n\t\t\t\t<div class=\"elementor-widget-container\">\n\t\t\t\t\t\t\t\t\t<p><i><b>Vous trouverez ici l&rsquo;ensemble des articles consacr\u00e9s \u00e0 mes voyages sur cette partie du continent am\u00e9ricain, notamment ceux issus de mon p\u00e9riple de 6 mois en Argentine, Chili, P\u00e9rou, Bolivie et Colombie en 2018.<\/b><\/i><\/p>\t\t\t\t\t\t\t\t<\/div>\n\t\t\t\t<\/div>\n\t\t\t\t\t<\/div>\n\t\t<\/div>\n\t\t\t\t\t<\/div>\n\t\t<\/section>\n\t\t\t\t<section class=\"elementor-section elementor-top-section elementor-element elementor-element-3567e502 elementor-section-boxed elementor-section-height-default elementor-section-height-default\" data-id=\"3567e502\" data-element_type=\"section\" data-e-type=\"section\">\n\t\t\t\t\t\t<div class=\"elementor-container elementor-column-gap-default\">\n\t\t\t\t\t<div class=\"elementor-column elementor-col-100 elementor-top-column elementor-element elementor-element-6d6053be\" data-id=\"6d6053be\" data-element_type=\"column\" data-e-type=\"column\">\n\t\t\t<div class=\"elementor-widget-wrap elementor-element-populated\">\n\t\t\t\t\t\t<div class=\"elementor-element elementor-element-6dbf50f9 elementor-view-default elementor-widget elementor-widget-icon\" data-id=\"6dbf50f9\" data-element_type=\"widget\" data-e-type=\"widget\" data-widget_type=\"icon.default\">\n\t\t\t\t<div class=\"elementor-widget-container\">\n\t\t\t\t\t\t\t<div class=\"elementor-icon-wrapper\">\n\t\t\t<div class=\"elementor-icon\">\n\t\t\t\t\t\t\t<i class=\"fa fa-warning\" aria-hidden=\"true\"><\/i>\n\t\t\t\t\t\t<\/div>\n\t\t<\/div>\n\t\t\t\t\t\t<\/div>\n\t\t\t\t<\/div>\n\t\t\t\t\t<\/div>\n\t\t<\/div>\n\t\t\t\t\t<\/div>\n\t\t<\/section>\n\t\t\t\t<section class=\"elementor-section elementor-top-section elementor-element elementor-element-49e1f27d elementor-section-boxed elementor-section-height-default elementor-section-height-default\" data-id=\"49e1f27d\" data-element_type=\"section\" data-e-type=\"section\">\n\t\t\t\t\t\t<div class=\"elementor-container elementor-column-gap-default\">\n\t\t\t\t\t<div class=\"elementor-column elementor-col-100 elementor-top-column elementor-element elementor-element-16918ebb\" data-id=\"16918ebb\" data-element_type=\"column\" data-e-type=\"column\">\n\t\t\t<div class=\"elementor-widget-wrap elementor-element-populated\">\n\t\t\t\t\t\t<div class=\"elementor-element elementor-element-663f271 elementor-widget elementor-widget-text-editor\" data-id=\"663f271\" data-element_type=\"widget\" data-e-type=\"widget\" data-widget_type=\"text-editor.default\">\n\t\t\t\t<div class=\"elementor-widget-container\">\n\t\t\t\t\t\t\t\t\t<p><strong>Les articles ajout\u00e9s sur ce blog sont issus de mes publications sur la page Facebook Kiki En Vadrouille, publi\u00e9s \u00ab\u00a0\u00e0 vif\u00a0\u00bb durant mes diff\u00e9rents voyages.<\/strong><\/p>\t\t\t\t\t\t\t\t<\/div>\n\t\t\t\t<\/div>\n\t\t\t\t<div class=\"elementor-element elementor-element-34e1401 elementor-widget elementor-widget-text-editor\" data-id=\"34e1401\" data-element_type=\"widget\" data-e-type=\"widget\" data-widget_type=\"text-editor.default\">\n\t\t\t\t<div class=\"elementor-widget-container\">\n\t\t\t\t\t\t\t\t\t<p>Vous pouvez \u00e9galement consulter directement ma page Facebook en tapant des mots-cl\u00e9s (tels que \u00ab\u00a0Kiki en Vadrouille\u00a0\u00bb + \u00ab\u00a0Colombie\u00a0\u00bb) dans la barre de recherche en haut de la page.\u00a0<\/p>\t\t\t\t\t\t\t\t<\/div>\n\t\t\t\t<\/div>\n\t\t\t\t\t<\/div>\n\t\t<\/div>\n\t\t\t\t\t<\/div>\n\t\t<\/section>\n\t\t\t\t<section class=\"elementor-section elementor-top-section elementor-element elementor-element-642343ac elementor-section-boxed elementor-section-height-default elementor-section-height-default\" data-id=\"642343ac\" data-element_type=\"section\" data-e-type=\"section\">\n\t\t\t\t\t\t<div class=\"elementor-container elementor-column-gap-default\">\n\t\t\t\t\t<div class=\"elementor-column elementor-col-100 elementor-top-column elementor-element elementor-element-16a011d8\" data-id=\"16a011d8\" data-element_type=\"column\" data-e-type=\"column\">\n\t\t\t<div class=\"elementor-widget-wrap elementor-element-populated\">\n\t\t\t\t\t\t<div class=\"elementor-element elementor-element-d824b2a elementor-shape-rounded elementor-grid-0 e-grid-align-center elementor-widget elementor-widget-social-icons\" data-id=\"d824b2a\" data-element_type=\"widget\" data-e-type=\"widget\" data-widget_type=\"social-icons.default\">\n\t\t\t\t<div class=\"elementor-widget-container\">\n\t\t\t\t\t\t\t<div class=\"elementor-social-icons-wrapper elementor-grid\">\n\t\t\t\t\t\t\t<span class=\"elementor-grid-item\">\n\t\t\t\t\t<a class=\"elementor-icon elementor-social-icon elementor-social-icon-facebook-f elementor-repeater-item-7e9b7f9\" href=\"https:\/\/www.facebook.com\/kikienvadrouilleblog\/\" target=\"_blank\">\n\t\t\t\t\t\t<span class=\"elementor-screen-only\">Facebook-f<\/span>\n\t\t\t\t\t\t<i aria-hidden=\"true\" class=\"fab fa-facebook-f\"><\/i>\t\t\t\t\t<\/a>\n\t\t\t\t<\/span>\n\t\t\t\t\t<\/div>\n\t\t\t\t\t\t<\/div>\n\t\t\t\t<\/div>\n\t\t\t\t\t<\/div>\n\t\t<\/div>\n\t\t\t\t\t<\/div>\n\t\t<\/section>\n\t\t\t\t<section class=\"elementor-section elementor-top-section elementor-element elementor-element-b3cc82b elementor-section-boxed elementor-section-height-default elementor-section-height-default\" data-id=\"b3cc82b\" data-element_type=\"section\" data-e-type=\"section\">\n\t\t\t\t\t\t<div class=\"elementor-container elementor-column-gap-default\">\n\t\t\t\t\t<div class=\"elementor-column elementor-col-100 elementor-top-column elementor-element elementor-element-892bcac\" data-id=\"892bcac\" data-element_type=\"column\" data-e-type=\"column\">\n\t\t\t<div class=\"elementor-widget-wrap elementor-element-populated\">\n\t\t\t\t\t\t<div class=\"elementor-element elementor-element-995bc34 elementor-widget elementor-widget-image\" data-id=\"995bc34\" data-element_type=\"widget\" data-e-type=\"widget\" data-widget_type=\"image.default\">\n\t\t\t\t<div class=\"elementor-widget-container\">\n\t\t\t\t\t\t\t\t\t\t\t\t\t\t\t<img decoding=\"async\" width=\"640\" height=\"303\" src=\"https:\/\/kikienvadrouille.com\/wp-content\/uploads\/2019\/03\/InkedImprim-\u00e9cran-KKEV_LI-1024x484.jpg\" class=\"attachment-large size-large wp-image-2734\" alt=\"\" srcset=\"https:\/\/kikienvadrouille.com\/wp-content\/uploads\/2019\/03\/InkedImprim-\u00e9cran-KKEV_LI-1024x484.jpg 1024w, https:\/\/kikienvadrouille.com\/wp-content\/uploads\/2019\/03\/InkedImprim-\u00e9cran-KKEV_LI-300x142.jpg 300w, https:\/\/kikienvadrouille.com\/wp-content\/uploads\/2019\/03\/InkedImprim-\u00e9cran-KKEV_LI-768x363.jpg 768w, https:\/\/kikienvadrouille.com\/wp-content\/uploads\/2019\/03\/InkedImprim-\u00e9cran-KKEV_LI-571x270.jpg 571w, https:\/\/kikienvadrouille.com\/wp-content\/uploads\/2019\/03\/InkedImprim-\u00e9cran-KKEV_LI.jpg 1806w\" sizes=\"(max-width: 640px) 100vw, 640px\" \/>\t\t\t\t\t\t\t\t\t\t\t\t\t\t\t<\/div>\n\t\t\t\t<\/div>\n\t\t\t\t\t<\/div>\n\t\t<\/div>\n\t\t\t\t\t<\/div>\n\t\t<\/section>\n\t\t\t\t<\/div>\n\t\t","protected":false},"excerpt":{"rendered":"<p>Vous trouverez ici l&rsquo;ensemble des articles consacr\u00e9s \u00e0 mes voyages sur cette partie du continent am\u00e9ricain, notamment ceux issus de mon p\u00e9riple de 6 mois en Argentine, Chili, P\u00e9rou, Bolivie et Colombie en 2018. Les articles ajout\u00e9s sur ce blog sont issus de mes publications sur la page Facebook Kiki En Vadrouille, publi\u00e9s \u00ab\u00a0\u00e0 vif\u00a0\u00bb durant mes diff\u00e9rents voyages. Vous pouvez \u00e9galement consulter directement ma page Facebook en tapant des mots-cl\u00e9s (tels que \u00ab\u00a0Kiki en Vadrouille\u00a0\u00bb + \u00ab\u00a0Colombie\u00a0\u00bb) dans la&#8230;<\/p>\n<p class=\"read-more\"><a class=\"btn btn-default\" href=\"https:\/\/kikienvadrouille.com\/?page_id=2128\">Lire la suite<span class=\"screen-reader-text\"> Lire la suite<\/span><\/a><\/p>\n","protected":false},"author":1,"featured_media":0,"parent":0,"menu_order":0,"comment_status":"closed","ping_status":"closed","template":"","meta":{"footnotes":""},"class_list":["post-2128","page","type-page","status-publish","hentry"],"_links":{"self":[{"href":"https:\/\/kikienvadrouille.com\/index.php?rest_route=\/wp\/v2\/pages\/2128","targetHints":{"allow":["GET"]}}],"collection":[{"href":"https:\/\/kikienvadrouille.com\/index.php?rest_route=\/wp\/v2\/pages"}],"about":[{"href":"https:\/\/kikienvadrouille.com\/index.php?rest_route=\/wp\/v2\/types\/page"}],"author":[{"embeddable":true,"href":"https:\/\/kikienvadrouille.com\/index.php?rest_route=\/wp\/v2\/users\/1"}],"replies":[{"embeddable":true,"href":"https:\/\/kikienvadrouille.com\/index.php?rest_route=%2Fwp%2Fv2%2Fcomments&post=2128"}],"version-history":[{"count":9,"href":"https:\/\/kikienvadrouille.com\/index.php?rest_route=\/wp\/v2\/pages\/2128\/revisions"}],"predecessor-version":[{"id":7933,"href":"https:\/\/kikienvadrouille.com\/index.php?rest_route=\/wp\/v2\/pages\/2128\/revisions\/7933"}],"wp:attachment":[{"href":"https:\/\/kikienvadrouille.com\/index.php?rest_route=%2Fwp%2Fv2%2Fmedia&parent=2128"}],"curies":[{"name":"wp","href":"https:\/\/api.w.org\/{rel}","templated":true}]}}