{"id":1591,"date":"2017-10-10T23:52:08","date_gmt":"2017-10-10T23:52:08","guid":{"rendered":"https:\/\/kikienvadrouilleblog.wordpress.com\/?page_id=1591"},"modified":"2021-03-21T00:04:42","modified_gmt":"2021-03-21T00:04:42","slug":"cuisine-dailleurs","status":"publish","type":"page","link":"https:\/\/kikienvadrouille.com\/?page_id=1591","title":{"rendered":"Cuisine d&rsquo;ailleurs"},"content":{"rendered":"\t\t<div data-elementor-type=\"wp-page\" data-elementor-id=\"1591\" class=\"elementor elementor-1591\">\n\t\t\t\t\t\t<section class=\"elementor-section elementor-top-section elementor-element elementor-element-4df79320 elementor-section-full_width elementor-section-height-default elementor-section-height-default\" data-id=\"4df79320\" data-element_type=\"section\" data-e-type=\"section\">\n\t\t\t\t\t\t<div class=\"elementor-container elementor-column-gap-default\">\n\t\t\t\t\t<div class=\"elementor-column elementor-col-100 elementor-top-column elementor-element elementor-element-07e4cbc\" data-id=\"07e4cbc\" data-element_type=\"column\" data-e-type=\"column\">\n\t\t\t<div class=\"elementor-widget-wrap\">\n\t\t\t\t\t\t\t<\/div>\n\t\t<\/div>\n\t\t\t\t\t<\/div>\n\t\t<\/section>\n\t\t\t\t<section class=\"elementor-section elementor-top-section elementor-element elementor-element-63f5a029 elementor-section-full_width elementor-section-height-default elementor-section-height-default\" data-id=\"63f5a029\" data-element_type=\"section\" data-e-type=\"section\">\n\t\t\t\t\t\t<div class=\"elementor-container elementor-column-gap-default\">\n\t\t\t\t\t<div class=\"elementor-column elementor-col-100 elementor-top-column elementor-element elementor-element-6fee0c4\" data-id=\"6fee0c4\" data-element_type=\"column\" data-e-type=\"column\">\n\t\t\t<div class=\"elementor-widget-wrap elementor-element-populated\">\n\t\t\t\t\t\t<section class=\"elementor-section elementor-inner-section elementor-element elementor-element-414ae96c elementor-section-boxed elementor-section-height-default elementor-section-height-default\" data-id=\"414ae96c\" data-element_type=\"section\" data-e-type=\"section\">\n\t\t\t\t\t\t<div class=\"elementor-container elementor-column-gap-default\">\n\t\t\t\t\t<div class=\"elementor-column elementor-col-100 elementor-inner-column elementor-element elementor-element-b8905cf\" data-id=\"b8905cf\" data-element_type=\"column\" data-e-type=\"column\">\n\t\t\t<div class=\"elementor-widget-wrap elementor-element-populated\">\n\t\t\t\t\t\t<div class=\"elementor-element elementor-element-4f9757a4 elementor-widget elementor-widget-image\" data-id=\"4f9757a4\" data-element_type=\"widget\" data-e-type=\"widget\" data-widget_type=\"image.default\">\n\t\t\t\t<div class=\"elementor-widget-container\">\n\t\t\t\t\t\t\t\t\t\t\t\t\t\t\t<img fetchpriority=\"high\" decoding=\"async\" width=\"640\" height=\"480\" src=\"https:\/\/kikienvadrouille.com\/wp-content\/uploads\/2017\/10\/p4090187-1024x768.jpg\" class=\"attachment-large size-large wp-image-1619\" alt=\"\" srcset=\"https:\/\/kikienvadrouille.com\/wp-content\/uploads\/2017\/10\/p4090187-1024x768.jpg 1024w, https:\/\/kikienvadrouille.com\/wp-content\/uploads\/2017\/10\/p4090187-300x225.jpg 300w, https:\/\/kikienvadrouille.com\/wp-content\/uploads\/2017\/10\/p4090187-768x576.jpg 768w\" sizes=\"(max-width: 640px) 100vw, 640px\" \/>\t\t\t\t\t\t\t\t\t\t\t\t\t\t\t<\/div>\n\t\t\t\t<\/div>\n\t\t\t\t<div class=\"elementor-element elementor-element-33458197 elementor-widget elementor-widget-text-editor\" data-id=\"33458197\" data-element_type=\"widget\" data-e-type=\"widget\" data-widget_type=\"text-editor.default\">\n\t\t\t\t<div class=\"elementor-widget-container\">\n\t\t\t\t\t\t\t\t\t<p><em><b>D\u00e9couvrir de nouvelles cultures va de pair avec l&rsquo;initiation \u00e0 de nouvelles saveurs gastronomiques ! Je vous pr\u00e9sente ici quelques unes de mes plus int\u00e9ressantes exp\u00e9riences gustatives \u00e0 travers le monde, et vous partage, par-ci par-l\u00e0, quelques recettes locales qui ont su me charmer.<\/b><\/em><\/p>\t\t\t\t\t\t\t\t<\/div>\n\t\t\t\t<\/div>\n\t\t\t\t\t<\/div>\n\t\t<\/div>\n\t\t\t\t\t<\/div>\n\t\t<\/section>\n\t\t\t\t\t<\/div>\n\t\t<\/div>\n\t\t\t\t\t<\/div>\n\t\t<\/section>\n\t\t\t\t<section class=\"elementor-section elementor-top-section elementor-element elementor-element-7dff6803 elementor-section-boxed elementor-section-height-default elementor-section-height-default\" data-id=\"7dff6803\" data-element_type=\"section\" data-e-type=\"section\">\n\t\t\t\t\t\t<div class=\"elementor-container elementor-column-gap-default\">\n\t\t\t\t\t<div class=\"elementor-column elementor-col-100 elementor-top-column elementor-element elementor-element-208f5e30\" data-id=\"208f5e30\" data-element_type=\"column\" data-e-type=\"column\">\n\t\t\t<div class=\"elementor-widget-wrap elementor-element-populated\">\n\t\t\t\t\t\t<div class=\"elementor-element elementor-element-37f0757b elementor-widget-divider--view-line elementor-widget elementor-widget-divider\" data-id=\"37f0757b\" data-element_type=\"widget\" data-e-type=\"widget\" data-widget_type=\"divider.default\">\n\t\t\t\t<div class=\"elementor-widget-container\">\n\t\t\t\t\t\t\t<div class=\"elementor-divider\">\n\t\t\t<span class=\"elementor-divider-separator\">\n\t\t\t\t\t\t<\/span>\n\t\t<\/div>\n\t\t\t\t\t\t<\/div>\n\t\t\t\t<\/div>\n\t\t\t\t\t<\/div>\n\t\t<\/div>\n\t\t\t\t\t<\/div>\n\t\t<\/section>\n\t\t\t\t<section class=\"elementor-section elementor-top-section elementor-element elementor-element-7110e87a elementor-section-boxed elementor-section-height-default elementor-section-height-default\" data-id=\"7110e87a\" data-element_type=\"section\" data-e-type=\"section\">\n\t\t\t\t\t\t<div class=\"elementor-container elementor-column-gap-default\">\n\t\t\t\t\t<div class=\"elementor-column elementor-col-100 elementor-top-column elementor-element elementor-element-20525c2f\" data-id=\"20525c2f\" data-element_type=\"column\" data-e-type=\"column\">\n\t\t\t<div class=\"elementor-widget-wrap elementor-element-populated\">\n\t\t\t\t\t\t<div class=\"elementor-element elementor-element-25271d31 elementor-position-top elementor-widget elementor-widget-image-box\" data-id=\"25271d31\" data-element_type=\"widget\" data-e-type=\"widget\" data-widget_type=\"image-box.default\">\n\t\t\t\t<div class=\"elementor-widget-container\">\n\t\t\t\t\t<div class=\"elementor-image-box-wrapper\"><figure class=\"elementor-image-box-img\"><a href=\"https:\/\/kikienvadrouille.com\/?p=1615\" target=\"_blank\" tabindex=\"-1\"><img decoding=\"async\" width=\"4608\" height=\"3456\" src=\"https:\/\/kikienvadrouille.com\/wp-content\/uploads\/2017\/10\/P4221360.jpg\" class=\"attachment-full size-full wp-image-1713\" alt=\"\" srcset=\"https:\/\/kikienvadrouille.com\/wp-content\/uploads\/2017\/10\/P4221360.jpg 4608w, https:\/\/kikienvadrouille.com\/wp-content\/uploads\/2017\/10\/P4221360-300x225.jpg 300w, https:\/\/kikienvadrouille.com\/wp-content\/uploads\/2017\/10\/P4221360-768x576.jpg 768w, https:\/\/kikienvadrouille.com\/wp-content\/uploads\/2017\/10\/P4221360-1024x768.jpg 1024w, https:\/\/kikienvadrouille.com\/wp-content\/uploads\/2017\/10\/P4221360-360x270.jpg 360w\" sizes=\"(max-width: 4608px) 100vw, 4608px\" \/><\/a><\/figure><div class=\"elementor-image-box-content\"><h3 class=\"elementor-image-box-title\"><a href=\"https:\/\/kikienvadrouille.com\/?p=1615\" target=\"_blank\">Petites exploration gastronomiques au Vietnam<\/a><\/h3><\/div><\/div>\t\t\t\t<\/div>\n\t\t\t\t<\/div>\n\t\t\t\t<div class=\"elementor-element elementor-element-2a576c1 elementor-position-top elementor-widget elementor-widget-image-box\" data-id=\"2a576c1\" data-element_type=\"widget\" data-e-type=\"widget\" data-widget_type=\"image-box.default\">\n\t\t\t\t<div class=\"elementor-widget-container\">\n\t\t\t\t\t<div class=\"elementor-image-box-wrapper\"><figure class=\"elementor-image-box-img\"><a href=\"https:\/\/kikienvadrouille.com\/?p=2908\" target=\"_blank\" tabindex=\"-1\"><img decoding=\"async\" width=\"4608\" height=\"3456\" src=\"https:\/\/kikienvadrouille.com\/wp-content\/uploads\/2019\/06\/P8130731.jpg\" class=\"attachment-full size-full wp-image-2932\" alt=\"\" srcset=\"https:\/\/kikienvadrouille.com\/wp-content\/uploads\/2019\/06\/P8130731.jpg 4608w, https:\/\/kikienvadrouille.com\/wp-content\/uploads\/2019\/06\/P8130731-300x225.jpg 300w, https:\/\/kikienvadrouille.com\/wp-content\/uploads\/2019\/06\/P8130731-768x576.jpg 768w, https:\/\/kikienvadrouille.com\/wp-content\/uploads\/2019\/06\/P8130731-1024x768.jpg 1024w, https:\/\/kikienvadrouille.com\/wp-content\/uploads\/2019\/06\/P8130731-360x270.jpg 360w\" sizes=\"(max-width: 4608px) 100vw, 4608px\" \/><\/a><\/figure><div class=\"elementor-image-box-content\"><h3 class=\"elementor-image-box-title\"><a href=\"https:\/\/kikienvadrouille.com\/?p=2908\" target=\"_blank\">Le Sancocho de Colombie<\/a><\/h3><\/div><\/div>\t\t\t\t<\/div>\n\t\t\t\t<\/div>\n\t\t\t\t<div class=\"elementor-element elementor-element-24c2863 elementor-position-top elementor-widget elementor-widget-image-box\" data-id=\"24c2863\" data-element_type=\"widget\" data-e-type=\"widget\" data-widget_type=\"image-box.default\">\n\t\t\t\t<div class=\"elementor-widget-container\">\n\t\t\t\t\t<div class=\"elementor-image-box-wrapper\"><figure class=\"elementor-image-box-img\"><a href=\"https:\/\/kikienvadrouille.com\/?p=2953\" target=\"_blank\" tabindex=\"-1\"><img loading=\"lazy\" decoding=\"async\" width=\"4608\" height=\"3456\" src=\"https:\/\/kikienvadrouille.com\/wp-content\/uploads\/2019\/06\/P8130692.jpg\" class=\"attachment-full size-full wp-image-2927\" alt=\"\" srcset=\"https:\/\/kikienvadrouille.com\/wp-content\/uploads\/2019\/06\/P8130692.jpg 4608w, https:\/\/kikienvadrouille.com\/wp-content\/uploads\/2019\/06\/P8130692-300x225.jpg 300w, https:\/\/kikienvadrouille.com\/wp-content\/uploads\/2019\/06\/P8130692-768x576.jpg 768w, https:\/\/kikienvadrouille.com\/wp-content\/uploads\/2019\/06\/P8130692-1024x768.jpg 1024w, https:\/\/kikienvadrouille.com\/wp-content\/uploads\/2019\/06\/P8130692-360x270.jpg 360w\" sizes=\"(max-width: 4608px) 100vw, 4608px\" \/><\/a><\/figure><div class=\"elementor-image-box-content\"><h3 class=\"elementor-image-box-title\"><a href=\"https:\/\/kikienvadrouille.com\/?p=2953\" target=\"_blank\">La production de caf\u00e9 colombien d'Alfredo<\/a><\/h3><\/div><\/div>\t\t\t\t<\/div>\n\t\t\t\t<\/div>\n\t\t\t\t\t<\/div>\n\t\t<\/div>\n\t\t\t\t\t<\/div>\n\t\t<\/section>\n\t\t\t\t<\/div>\n\t\t","protected":false},"excerpt":{"rendered":"<p>D\u00e9couvrir de nouvelles cultures va de pair avec l&rsquo;initiation \u00e0 de nouvelles saveurs gastronomiques ! Je vous pr\u00e9sente ici quelques unes de mes plus int\u00e9ressantes exp\u00e9riences gustatives \u00e0 travers le monde, et vous partage, par-ci par-l\u00e0, quelques recettes locales qui ont su me charmer. Petites exploration gastronomiques au Vietnam Le Sancocho de Colombie La production de caf\u00e9 colombien d&rsquo;Alfredo<\/p>\n","protected":false},"author":2,"featured_media":0,"parent":0,"menu_order":0,"comment_status":"closed","ping_status":"closed","template":"","meta":{"footnotes":""},"class_list":["post-1591","page","type-page","status-publish","hentry"],"_links":{"self":[{"href":"https:\/\/kikienvadrouille.com\/index.php?rest_route=\/wp\/v2\/pages\/1591","targetHints":{"allow":["GET"]}}],"collection":[{"href":"https:\/\/kikienvadrouille.com\/index.php?rest_route=\/wp\/v2\/pages"}],"about":[{"href":"https:\/\/kikienvadrouille.com\/index.php?rest_route=\/wp\/v2\/types\/page"}],"author":[{"embeddable":true,"href":"https:\/\/kikienvadrouille.com\/index.php?rest_route=\/wp\/v2\/users\/2"}],"replies":[{"embeddable":true,"href":"https:\/\/kikienvadrouille.com\/index.php?rest_route=%2Fwp%2Fv2%2Fcomments&post=1591"}],"version-history":[{"count":5,"href":"https:\/\/kikienvadrouille.com\/index.php?rest_route=\/wp\/v2\/pages\/1591\/revisions"}],"predecessor-version":[{"id":3803,"href":"https:\/\/kikienvadrouille.com\/index.php?rest_route=\/wp\/v2\/pages\/1591\/revisions\/3803"}],"wp:attachment":[{"href":"https:\/\/kikienvadrouille.com\/index.php?rest_route=%2Fwp%2Fv2%2Fmedia&parent=1591"}],"curies":[{"name":"wp","href":"https:\/\/api.w.org\/{rel}","templated":true}]}}