{"id":1543,"date":"2017-09-03T13:22:32","date_gmt":"2017-09-03T13:22:32","guid":{"rendered":"https:\/\/kikienvadrouilleblog.wordpress.com\/?page_id=1543"},"modified":"2019-04-01T16:07:29","modified_gmt":"2019-04-01T16:07:29","slug":"aventures-dailleurs","status":"publish","type":"page","link":"https:\/\/kikienvadrouille.com\/?page_id=1543","title":{"rendered":"Aventures d&rsquo;ailleurs"},"content":{"rendered":"\t\t<div data-elementor-type=\"wp-page\" data-elementor-id=\"1543\" class=\"elementor elementor-1543\">\n\t\t\t\t\t\t<section class=\"elementor-section elementor-top-section elementor-element elementor-element-14f81073 elementor-section-full_width elementor-section-height-default elementor-section-height-default\" data-id=\"14f81073\" data-element_type=\"section\" data-e-type=\"section\">\n\t\t\t\t\t\t<div class=\"elementor-container elementor-column-gap-default\">\n\t\t\t\t\t<div class=\"elementor-column elementor-col-100 elementor-top-column elementor-element elementor-element-70472372\" data-id=\"70472372\" data-element_type=\"column\" data-e-type=\"column\">\n\t\t\t<div class=\"elementor-widget-wrap elementor-element-populated\">\n\t\t\t\t\t\t<section class=\"elementor-section elementor-inner-section elementor-element elementor-element-78785d6b elementor-section-boxed elementor-section-height-default elementor-section-height-default\" data-id=\"78785d6b\" data-element_type=\"section\" data-e-type=\"section\">\n\t\t\t\t\t\t<div class=\"elementor-container elementor-column-gap-default\">\n\t\t\t\t\t<div class=\"elementor-column elementor-col-100 elementor-inner-column elementor-element elementor-element-30712c9e\" data-id=\"30712c9e\" data-element_type=\"column\" data-e-type=\"column\">\n\t\t\t<div class=\"elementor-widget-wrap elementor-element-populated\">\n\t\t\t\t\t\t<div class=\"elementor-element elementor-element-170df5c9 elementor-widget elementor-widget-image\" data-id=\"170df5c9\" data-element_type=\"widget\" data-e-type=\"widget\" data-widget_type=\"image.default\">\n\t\t\t\t<div class=\"elementor-widget-container\">\n\t\t\t\t\t\t\t\t\t\t\t\t\t\t\t<img fetchpriority=\"high\" decoding=\"async\" width=\"640\" height=\"480\" src=\"https:\/\/kikienvadrouille.com\/wp-content\/uploads\/2019\/04\/P7290013-1024x768.jpg\" class=\"attachment-large size-large wp-image-2788\" alt=\"\" srcset=\"https:\/\/kikienvadrouille.com\/wp-content\/uploads\/2019\/04\/P7290013-1024x768.jpg 1024w, https:\/\/kikienvadrouille.com\/wp-content\/uploads\/2019\/04\/P7290013-300x225.jpg 300w, https:\/\/kikienvadrouille.com\/wp-content\/uploads\/2019\/04\/P7290013-768x576.jpg 768w, https:\/\/kikienvadrouille.com\/wp-content\/uploads\/2019\/04\/P7290013-360x270.jpg 360w\" sizes=\"(max-width: 640px) 100vw, 640px\" \/>\t\t\t\t\t\t\t\t\t\t\t\t\t\t\t<\/div>\n\t\t\t\t<\/div>\n\t\t\t\t<div class=\"elementor-element elementor-element-2ab039ef elementor-widget elementor-widget-text-editor\" data-id=\"2ab039ef\" data-element_type=\"widget\" data-e-type=\"widget\" data-widget_type=\"text-editor.default\">\n\t\t\t\t<div class=\"elementor-widget-container\">\n\t\t\t\t\t\t\t\t\t<p><em><b>Je vous conte ici mes aventures de voyage, en mettant l&rsquo;accent sur mes ressentis et les diff\u00e9rentes \u00e9motions qui m&rsquo;ont parcourues en vadrouille. <\/b><\/em><\/p><p><em><b>N&rsquo;h\u00e9sitez pas \u00e0 me poser vos questions d&rsquo;ordre pratique\/organisationnel en utilisant l&rsquo;espace \u00ab\u00a0commentaires\u00a0\u00bb sous les articles \ud83d\ude42<\/b><\/em><\/p>\t\t\t\t\t\t\t\t<\/div>\n\t\t\t\t<\/div>\n\t\t\t\t\t<\/div>\n\t\t<\/div>\n\t\t\t\t\t<\/div>\n\t\t<\/section>\n\t\t\t\t\t<\/div>\n\t\t<\/div>\n\t\t\t\t\t<\/div>\n\t\t<\/section>\n\t\t\t\t<section class=\"elementor-section elementor-top-section elementor-element elementor-element-3162ff9 elementor-section-boxed elementor-section-height-default elementor-section-height-default\" data-id=\"3162ff9\" data-element_type=\"section\" data-e-type=\"section\">\n\t\t\t\t\t\t<div class=\"elementor-container elementor-column-gap-default\">\n\t\t\t\t\t<div class=\"elementor-column elementor-col-100 elementor-top-column elementor-element elementor-element-48994586\" data-id=\"48994586\" data-element_type=\"column\" data-e-type=\"column\">\n\t\t\t<div class=\"elementor-widget-wrap elementor-element-populated\">\n\t\t\t\t\t\t<div class=\"elementor-element elementor-element-3d9be735 elementor-widget-divider--view-line elementor-widget elementor-widget-divider\" data-id=\"3d9be735\" data-element_type=\"widget\" data-e-type=\"widget\" data-widget_type=\"divider.default\">\n\t\t\t\t<div class=\"elementor-widget-container\">\n\t\t\t\t\t\t\t<div class=\"elementor-divider\">\n\t\t\t<span class=\"elementor-divider-separator\">\n\t\t\t\t\t\t<\/span>\n\t\t<\/div>\n\t\t\t\t\t\t<\/div>\n\t\t\t\t<\/div>\n\t\t\t\t\t<\/div>\n\t\t<\/div>\n\t\t\t\t\t<\/div>\n\t\t<\/section>\n\t\t\t\t<section class=\"elementor-section elementor-top-section elementor-element elementor-element-6f13ca1b elementor-section-boxed elementor-section-height-default elementor-section-height-default\" data-id=\"6f13ca1b\" data-element_type=\"section\" data-e-type=\"section\">\n\t\t\t\t\t\t<div class=\"elementor-container elementor-column-gap-default\">\n\t\t\t\t\t<div class=\"elementor-column elementor-col-100 elementor-top-column elementor-element elementor-element-73f9e119\" data-id=\"73f9e119\" data-element_type=\"column\" data-e-type=\"column\">\n\t\t\t<div class=\"elementor-widget-wrap elementor-element-populated\">\n\t\t\t\t\t\t<div class=\"elementor-element elementor-element-51765933 elementor-position-top elementor-widget elementor-widget-image-box\" data-id=\"51765933\" data-element_type=\"widget\" data-e-type=\"widget\" data-widget_type=\"image-box.default\">\n\t\t\t\t<div class=\"elementor-widget-container\">\n\t\t\t\t\t<div class=\"elementor-image-box-wrapper\"><figure class=\"elementor-image-box-img\"><a href=\"https:\/\/kikienvadrouille.com\/?cat=8\" target=\"_blank\" tabindex=\"-1\"><img decoding=\"async\" width=\"4460\" height=\"3346\" src=\"https:\/\/kikienvadrouille.com\/wp-content\/uploads\/2016\/07\/p4080133.jpg\" class=\"attachment-full size-full wp-image-346\" alt=\"\" srcset=\"https:\/\/kikienvadrouille.com\/wp-content\/uploads\/2016\/07\/p4080133.jpg 4460w, https:\/\/kikienvadrouille.com\/wp-content\/uploads\/2016\/07\/p4080133-300x225.jpg 300w, https:\/\/kikienvadrouille.com\/wp-content\/uploads\/2016\/07\/p4080133-768x576.jpg 768w, https:\/\/kikienvadrouille.com\/wp-content\/uploads\/2016\/07\/p4080133-1024x768.jpg 1024w\" sizes=\"(max-width: 4460px) 100vw, 4460px\" \/><\/a><\/figure><div class=\"elementor-image-box-content\"><h3 class=\"elementor-image-box-title\"><a href=\"https:\/\/kikienvadrouille.com\/?cat=8\" target=\"_blank\">ASIE<\/a><\/h3><\/div><\/div>\t\t\t\t<\/div>\n\t\t\t\t<\/div>\n\t\t\t\t<div class=\"elementor-element elementor-element-355dbfa elementor-widget elementor-widget-spacer\" data-id=\"355dbfa\" data-element_type=\"widget\" data-e-type=\"widget\" data-widget_type=\"spacer.default\">\n\t\t\t\t<div class=\"elementor-widget-container\">\n\t\t\t\t\t\t\t<div class=\"elementor-spacer\">\n\t\t\t<div class=\"elementor-spacer-inner\"><\/div>\n\t\t<\/div>\n\t\t\t\t\t\t<\/div>\n\t\t\t\t<\/div>\n\t\t\t\t<div class=\"elementor-element elementor-element-4c5c726 elementor-position-top elementor-widget elementor-widget-image-box\" data-id=\"4c5c726\" data-element_type=\"widget\" data-e-type=\"widget\" data-widget_type=\"image-box.default\">\n\t\t\t\t<div class=\"elementor-widget-container\">\n\t\t\t\t\t<div class=\"elementor-image-box-wrapper\"><figure class=\"elementor-image-box-img\"><a href=\"https:\/\/kikienvadrouille.com\/?page_id=2128\" target=\"_blank\" tabindex=\"-1\"><img decoding=\"async\" width=\"3868\" height=\"2901\" src=\"https:\/\/kikienvadrouille.com\/wp-content\/uploads\/2019\/03\/IMG_20180530_160842.jpg\" class=\"attachment-full size-full wp-image-2733\" alt=\"\" srcset=\"https:\/\/kikienvadrouille.com\/wp-content\/uploads\/2019\/03\/IMG_20180530_160842.jpg 3868w, https:\/\/kikienvadrouille.com\/wp-content\/uploads\/2019\/03\/IMG_20180530_160842-300x225.jpg 300w, https:\/\/kikienvadrouille.com\/wp-content\/uploads\/2019\/03\/IMG_20180530_160842-768x576.jpg 768w, https:\/\/kikienvadrouille.com\/wp-content\/uploads\/2019\/03\/IMG_20180530_160842-1024x768.jpg 1024w, https:\/\/kikienvadrouille.com\/wp-content\/uploads\/2019\/03\/IMG_20180530_160842-360x270.jpg 360w\" sizes=\"(max-width: 3868px) 100vw, 3868px\" \/><\/a><\/figure><div class=\"elementor-image-box-content\"><h3 class=\"elementor-image-box-title\"><a href=\"https:\/\/kikienvadrouille.com\/?page_id=2128\" target=\"_blank\">AM\u00c9RIQUE DU SUD<\/a><\/h3><\/div><\/div>\t\t\t\t<\/div>\n\t\t\t\t<\/div>\n\t\t\t\t\t<\/div>\n\t\t<\/div>\n\t\t\t\t\t<\/div>\n\t\t<\/section>\n\t\t\t\t<\/div>\n\t\t","protected":false},"excerpt":{"rendered":"<p>Je vous conte ici mes aventures de voyage, en mettant l&rsquo;accent sur mes ressentis et les diff\u00e9rentes \u00e9motions qui m&rsquo;ont parcourues en vadrouille. N&rsquo;h\u00e9sitez pas \u00e0 me poser vos questions d&rsquo;ordre pratique\/organisationnel en utilisant l&rsquo;espace \u00ab\u00a0commentaires\u00a0\u00bb sous les articles \ud83d\ude42 ASIE AM\u00c9RIQUE DU SUD<\/p>\n","protected":false},"author":2,"featured_media":0,"parent":0,"menu_order":0,"comment_status":"closed","ping_status":"closed","template":"","meta":{"footnotes":""},"class_list":["post-1543","page","type-page","status-publish","hentry"],"_links":{"self":[{"href":"https:\/\/kikienvadrouille.com\/index.php?rest_route=\/wp\/v2\/pages\/1543","targetHints":{"allow":["GET"]}}],"collection":[{"href":"https:\/\/kikienvadrouille.com\/index.php?rest_route=\/wp\/v2\/pages"}],"about":[{"href":"https:\/\/kikienvadrouille.com\/index.php?rest_route=\/wp\/v2\/types\/page"}],"author":[{"embeddable":true,"href":"https:\/\/kikienvadrouille.com\/index.php?rest_route=\/wp\/v2\/users\/2"}],"replies":[{"embeddable":true,"href":"https:\/\/kikienvadrouille.com\/index.php?rest_route=%2Fwp%2Fv2%2Fcomments&post=1543"}],"version-history":[{"count":6,"href":"https:\/\/kikienvadrouille.com\/index.php?rest_route=\/wp\/v2\/pages\/1543\/revisions"}],"predecessor-version":[{"id":2805,"href":"https:\/\/kikienvadrouille.com\/index.php?rest_route=\/wp\/v2\/pages\/1543\/revisions\/2805"}],"wp:attachment":[{"href":"https:\/\/kikienvadrouille.com\/index.php?rest_route=%2Fwp%2Fv2%2Fmedia&parent=1543"}],"curies":[{"name":"wp","href":"https:\/\/api.w.org\/{rel}","templated":true}]}}